{"id":12,"date":"2014-09-29T10:49:54","date_gmt":"2014-09-29T08:49:54","guid":{"rendered":"https:\/\/naturmaling.no\/?page_id=12"},"modified":"2015-03-17T12:59:17","modified_gmt":"2015-03-17T11:59:17","slug":"om-livos","status":"publish","type":"page","link":"https:\/\/naturmaling.no\/livos\/om-livos\/","title":{"rendered":"Om LIVOS"},"content":{"rendered":"<p><img loading=\"lazy\" decoding=\"async\" src=\"https:\/\/naturmaling.no\/wp-content\/uploads\/2014\/09\/goetheanum.jpg\" alt=\"goetheanum\" width=\"470\" height=\"228\" class=\"alignright size-full wp-image-4812\" srcset=\"https:\/\/naturmaling.no\/livos\/wp-content\/uploads\/2014\/09\/goetheanum.jpg 940w, https:\/\/naturmaling.no\/livos\/wp-content\/uploads\/2014\/09\/goetheanum-300x146.jpg 300w\" sizes=\"(max-width: 470px) 100vw, 470px\" \/><\/p>\n<p>&nbsp;<\/p>\n<p>LIVOS ble startet av antroposofer og l\u00e6rere som \u00f8nsket seg produkter til overflatebehandling med sunne og trygge r\u00e5stoffer fra naturen, uten skadelige eller giftige tilsetninger. De f\u00f8rste LIVOS-produktene ble lansert i Tyskland i 1972, og siden den gang har v\u00e5re natur- og milj\u00f8vennlige produkter blitt popul\u00e6re i de fleste deler av verden. S\u00e6rlig over de siste f\u00e5 \u00e5rene har fokus p\u00e5 milj\u00f8, klima, helse, naturlige r\u00e5varer og b\u00e6rekraftige gr\u00f8nne, produkter blitt en voksende trend. Med over 40 \u00e5rs erfaring sitter LIVOS p\u00e5 en unik kunnskap og en tidspr\u00f8vd tradisjon innenfor produksjon av maling og overflatebehandlingsprodukter p\u00e5 milj\u00f8ets egne premisser. V\u00e5rt engasjement g\u00e5r dypere enn trender og salgs-gimmicks.<\/p>\n<p>&nbsp;<\/p>\n<p>LIVOS tilbyr en produktlinje med rene naturprodukter, giftfri, biologisk nedbrytbare og uten petro-kjemikaliene man finner i s\u00e5 mange andre malingstyper og overflateprodukter. V\u00e5re produkter er basert p\u00e5 fornybare r\u00e5materialer fra organisk plantedrift. Vi kan med stolthet si at v\u00e5re produkter er klima- og milj\u00f8vennlige, og helt fri for skadelige substanser. V\u00e5r milj\u00f8fokus er dobbelt. Vi vil gi deg et godt og sunt hjemmemilj\u00f8, gjennom naturlige produkter som er fri for skadelige giftstoffer. Og, vi \u00f8nsker \u00e5 ivareta klimaet vi alle deler, gjennom en produksjonsprosess p\u00e5 milj\u00f8ets og naturens egne premisser.<\/p>\n<p>&nbsp;<\/p>\n<p><img loading=\"lazy\" decoding=\"async\" src=\"https:\/\/naturmaling.no\/wp-content\/uploads\/2014\/09\/naturlig.jpg\" alt=\"naturlig\" width=\"1040\" height=\"260\" class=\"aligncenter size-full wp-image-3809\" srcset=\"https:\/\/naturmaling.no\/livos\/wp-content\/uploads\/2014\/09\/naturlig.jpg 1040w, https:\/\/naturmaling.no\/livos\/wp-content\/uploads\/2014\/09\/naturlig-300x75.jpg 300w, https:\/\/naturmaling.no\/livos\/wp-content\/uploads\/2014\/09\/naturlig-1024x256.jpg 1024w\" sizes=\"(max-width: 1040px) 100vw, 1040px\" \/><\/p>\n<p>&nbsp;<\/p>\n<p>R\u00e5varer<br \/>\nI LIVOS-produktene brukes om lag 150 naturlige r\u00e5varer i plantebaserte oljer og malinger. Dette til sammenligning med de om lag 15 000 r\u00e5varene som brukes i syntetiske produkter. Blant r\u00e5materialene vi bruker finnes naturlig harpiks, olje, lim og voks. Et eksempel p\u00e5 en slik r\u00e5vare er Linolje. Linfr\u00f8ene kommer fra L\u00fcneberger Heide \u2013 ikke langt fra LIVOS sitt anlegg i Wieren. Ved \u00e5 kaldpresse linfr\u00f8ene f\u00e5s en gyllengul, tyktflytende olje. Dette er en viktig ingrediens i mange oljer og lakker og gir den elastisiteten vi \u00f8nsker.<\/p>\n<p>Oljen kultiveres i en omstendelig prosess, og vi f\u00e5r mest mulig olje ut av avlingene gjennom \u00e5 ta hensyn til faktorer som avlingsplanlegging, avlingsrotasjon og preparering av jorden.<br \/>\nPigmentene som brukes i v\u00e5re produkter kommer fra jord, planter og mineraler.<br \/>\nSiden 1984 har vi \u00e5pent deklarert alle ingredienser p\u00e5 produktenes innpakning og medf\u00f8lgende data-ark.<\/p>\n<p>&nbsp;<\/p>\n<p><img loading=\"lazy\" decoding=\"async\" class=\"alignright size-medium wp-image-3801\" src=\"https:\/\/naturmaling.no\/wp-content\/uploads\/2014\/09\/plant-406900_1920-1024x682.jpg\" alt=\"plant-406900_1920\" width=\"600\" height=\"400\" \/>P\u00e5 grunn av r\u00e5stoffene LIVOS bruker oppn\u00e5r produktene spesielt gode egenskaper:<br \/>\n&#8211; inneklima: Ingen skadelig avgassing<br \/>\n&#8211; helse: Ingen skadelige innholdsstoffer<br \/>\n&#8211; milj\u00f8: Ingen r\u00e5stoffer som skader naturen<br \/>\n&#8211; antistatisk overflate: Lite \u00abst\u00f8t\u00bb, og lite st\u00f8v<br \/>\n&#8211; diffusjons\u00e5pen flate: Regulerer inneklimaet i rommet<br \/>\n&#8211; d\u00e5rlig lukt: Noen produkter virker som en luftrenser<\/p>\n<p>LIVOS og milj\u00f8hensyn<br \/>\nLIVOS-produktene er biologisk nedbrytbare. Det betyr at de utelukkende inneholder r\u00e5materialer som naturen selv er i stand til \u00e5 bryte ned med sine enzymer eller mikroorganismer, i en prosess som ikke skaper giftige eller milj\u00f8-fiendtlige avfallsstoffer. For de aller fleste produktene kan t\u00f8rre rester faktisk benyttes som kompost.<br \/>\nLIVOS baserer sin produksjon p\u00e5 fornybare r\u00e5materialer som er dyrket for \u00e5 m\u00f8te v\u00e5re h\u00f8ye milj\u00f8-standarder. Gjennom bruk av fornybare r\u00e5materialer beskytter vi milj\u00f8et og oppmuntrer til et b\u00e6rekraftig jordbruk. Beholderne v\u00e5re produkter distribueres i er resirkulerbare.<\/p>\n<p>&nbsp;<\/p>\n<p><img loading=\"lazy\" decoding=\"async\" class=\"alignleft size-medium wp-image-3802\" src=\"https:\/\/naturmaling.no\/wp-content\/uploads\/2014\/09\/hummel-482585_1920-200x300.jpg\" alt=\"hummel-482585_1920\" width=\"200\" height=\"300\" srcset=\"https:\/\/naturmaling.no\/livos\/wp-content\/uploads\/2014\/09\/hummel-482585_1920-200x300.jpg 200w, https:\/\/naturmaling.no\/livos\/wp-content\/uploads\/2014\/09\/hummel-482585_1920-300x450.jpg 300w, https:\/\/naturmaling.no\/livos\/wp-content\/uploads\/2014\/09\/hummel-482585_1920-683x1024.jpg 683w, https:\/\/naturmaling.no\/livos\/wp-content\/uploads\/2014\/09\/hummel-482585_1920.jpg 1280w\" sizes=\"(max-width: 200px) 100vw, 200px\" \/><\/p>\n<p>&nbsp;<\/p>\n<p>Hvorfor LIVOS?<br \/>\nDet finnes en myriade av skadelige og giftige stoffer i syntetisk maling, og denne listen blir lengre mens kunnskapen vokser. Flere av stoffene i syntetisk maling vet man p\u00e5 n\u00e5v\u00e6rende tidspunkt ikke nok om til \u00e5 kunne si om de er skadelige eller ei. I produksjon av syntetisk maling med s\u00e5 mange kjemiske ingredienser oppst\u00e5r ogs\u00e5 nye og ukjente kjemiske forbindelser. Langtidsvirkningene for flere av disse kjemiske forbindelsene p\u00e5 milj\u00f8, mikro-organismer og mennesker er ikke kartlagt enn\u00e5.<br \/>\nMyndighetenes krav til produksjon av maling og overflatebehandlingspreparater er ikke spesielt strenge. Derfor blir det opp til forbrukeren \u00e5 verne om sitt eget inneklima og sin egen helse. Med v\u00e5re giftfrie og milj\u00f8vennlige produkter, produsert p\u00e5 naturens premisser og med fokus p\u00e5 b\u00e6rekraft i alle ledd av prosessen, er vi sikre p\u00e5 at LIVOS er et valg du blir forn\u00f8yd med.<\/p>\n<p>LIVOS er et trygt, sunt og etisk valg. LIVOS har tidligere blitt k\u00e5ret til beste produkt ut i fra helse- og milj\u00f8hensyn (Forbrukerrapportene nr. 5 og 6, 1999).<\/p>\n","protected":false},"excerpt":{"rendered":"<p>&nbsp; LIVOS ble startet av antroposofer og l\u00e6rere som \u00f8nsket seg produkter til overflatebehandling med sunne og trygge r\u00e5stoffer fra naturen, uten skadelige eller giftige tilsetninger. De f\u00f8rste LIVOS-produktene ble lansert i Tyskland i 1972, og siden den gang har &hellip; <a href=\"https:\/\/naturmaling.no\/livos\/om-livos\/\">Continued<\/a><\/p>\n","protected":false},"author":1,"featured_media":0,"parent":0,"menu_order":0,"comment_status":"open","ping_status":"open","template":"page-fullwidth.php","meta":{"_acf_changed":false,"footnotes":""},"class_list":["post-12","page","type-page","status-publish","hentry"],"acf":[],"_links":{"self":[{"href":"https:\/\/naturmaling.no\/livos\/wp-json\/wp\/v2\/pages\/12"}],"collection":[{"href":"https:\/\/naturmaling.no\/livos\/wp-json\/wp\/v2\/pages"}],"about":[{"href":"https:\/\/naturmaling.no\/livos\/wp-json\/wp\/v2\/types\/page"}],"author":[{"embeddable":true,"href":"https:\/\/naturmaling.no\/livos\/wp-json\/wp\/v2\/users\/1"}],"replies":[{"embeddable":true,"href":"https:\/\/naturmaling.no\/livos\/wp-json\/wp\/v2\/comments?post=12"}],"version-history":[{"count":24,"href":"https:\/\/naturmaling.no\/livos\/wp-json\/wp\/v2\/pages\/12\/revisions"}],"predecessor-version":[{"id":4813,"href":"https:\/\/naturmaling.no\/livos\/wp-json\/wp\/v2\/pages\/12\/revisions\/4813"}],"wp:attachment":[{"href":"https:\/\/naturmaling.no\/livos\/wp-json\/wp\/v2\/media?parent=12"}],"curies":[{"name":"wp","href":"https:\/\/api.w.org\/{rel}","templated":true}]}}