{"id":5954,"date":"2018-12-21T21:13:58","date_gmt":"2018-12-21T20:13:58","guid":{"rendered":"https:\/\/naturmaling.no\/?page_id=5954"},"modified":"2024-09-12T11:30:38","modified_gmt":"2024-09-12T09:30:38","slug":"personvernerklaering","status":"publish","type":"page","link":"https:\/\/naturmaling.no\/livos\/personvernerklaering\/","title":{"rendered":"Personvernerkl\u00e6ring"},"content":{"rendered":"<div style=\"margin-left: 20px;\">\n<h1>Personvernerkl\u00e6ring og samtykke til bruk av data<\/h1>\n<p>Det er viktig for oss \u00e5 overholde gjeldene lover og regler n\u00e5r vi behandler de personlige opplysningene du gir oss. Her informerer vi deg om hvordan vi samler inn og behandler slike data. Personvernerkl\u00e6ringen nedenfor angir hvilke opplysninger som registreres om deg n\u00e5r du bes\u00f8ker nettstedet v\u00e5rt eller p\u00e5 annen m\u00e5te kontakter oss, hva vi bruker dem til, dine rettigheter og at du kan kontakte oss dersom det er noe du lurer p\u00e5.<\/p>\n<h3>1. Ansvarlig for innsamling av data<\/h3>\n<p>Nettstedet er ansvarlig for innsamling, bearbeiding og bruk av dine personlige opplysninger som du legger inn. Du kan n\u00e5r som helst f\u00e5 innsyn i hvilke opplysninger vi har lagret om deg eller gj\u00f8re bruk av retten du har til \u00e5 sperre, endre eller slette dataene. Ved bes\u00f8k i nettbutikken b\u00f8r du ikke legge inn andre opplysninger enn det som er forespurt. Dataene som samles inn oppbevares ukryptert i en database i Norge og administreres av Domeneshop AS.<\/p>\n<p>Dersom du har sp\u00f8rsm\u00e5l til oss ang\u00e5ende registrerte persondata eller annet innen personvern, vennligst kontakt oss.<\/p>\n<h3>2. Innsamling, bearbeiding og bruk av personlige opplysninger<\/h3>\n<p><em>N\u00e5r samler vi inn personopplysninger om deg?<\/em><br \/>\nN\u00e5r du samhandler med oss personlig, gjennom korrespondanse, via telefon, e-post eller via nettstedet v\u00e5rt.<br \/>\nVi kan samle inn personopplysninger som anses \u00e5 v\u00e6re av berettiget interesse, og hvis denne interessen ikke overstiges av dine personverninteresser. F\u00f8r dataene samles inn, foretar vi en vurdering for \u00e5 forsikre oss om at det er etablert en gjensidig interesse mellom deg og oss.<\/p>\n<p><em>Opprettelse av kundekonto<\/em><br \/>\nFor alle kunder som handler hos oss, opprettes en kundekonto. Kundekontoen kan gi informasjon om dine egne, lagrede personopplysninger. Her kan du blant annet finne opplysninger om dine bestillinger og produkter du har kj\u00f8pt hos oss.<\/p>\n<p><em>Bruk av data hos tredjepart<\/em><br \/>\nV\u00e5r hjemmeside benytter ikke cookies og dermed er det ingen opplysninger som videresendes til tjenester som Facebook, Google Analytics og tilsvarende.<\/p>\n<h3>3. Behandlingens form\u00e5l og hjemmel<\/h3>\n<p>Vi samler inn og bruker personopplysninger hovedsakelig for \u00e5 utf\u00f8re kundeservice.<\/p>\n<p><em>Vi kan bruke opplysningene dine til f\u00f8lgende form\u00e5l:<\/em><\/p>\n<ul>\n<li>Sende deg informasjon om produktene og tjenestene som du har kj\u00f8pt fra oss, inkludert ordrebekreftelse, faktura, p\u00e5minnelser, oppdateringer og lignende.<\/li>\n<li>Gi deg informasjon om nyheter fra LIVOS eller annen relevant opplysning om v\u00e5rt kundeforhold.<\/li>\n<li>F\u00f8lge opp innkommende foresp\u00f8rsler (kundest\u00f8tte, e-post, eller telefonsamtaler), og \u00abKontakt meg\u00bb-skjema, evt. andre webskjemaer du har fylt ut p\u00e5 v\u00e5rt nettsted.<\/li>\n<li>Sende deg markedsf\u00f8ringskommunikasjon som du har bedt om. Dette kan omfatte informasjon om produktene og tjenestene v\u00e5re, arrangementer, aktiviteter. Denne kommunikasjonen krever at du samtykker til \u00e5 motta den.<\/li>\n<li>Vi lagrer kj\u00f8ps- og ordrehistorikk i henhold til regnskapsloven.<\/li>\n<\/ul>\n<p>I tillegg vil personopplysningene brukes til \u00e5 sikre eventuelle rettskrav som er oppst\u00e5tt under kundeforholdet.<\/p>\n<p>Videre behandles personopplysningene for \u00e5 opprettholde et register over v\u00e5re kunder.<\/p>\n<h3>4. Hvilken type personopplysninger samles inn?<\/h3>\n<p>Vi samler inn navn, adresse, telefonnummer og e-postadresse. Vi kan ogs\u00e5 samle inn tilbakemeldinger, kommentarer og sp\u00f8rsm\u00e5l som vi har mottatt fra deg i servicerelatert kommunikasjon og aktiviteter, som m\u00f8ter, telefonsamtaler, dokumenter og e-post.<\/p>\n<p>Vi samler ikke inn og behandler ikke spesielle kategorier med personopplysninger, som unike identifikatorer og sensitive personopplysninger.<\/p>\n<p>Vi samler ikke inn sensitive personopplysninger som personopplysninger og bankopplysninger da vi kun mottar de opplysninger du legger inn ved bestilling og du mottar ordrebekreftelse og deretter faktura fra oss.<\/p>\n<p>V\u00e5re samarbeidspartnere har forpliktet seg til \u00e5 h\u00e5ndtere personopplysninger i henhold til GDPR, EUs personvernlovgivning.<\/p>\n<h3>5. Hvor lenge tar vi vare p\u00e5 dine personopplysninger?<\/h3>\n<p>Opplysningene lagres s\u00e5 lenge som det er n\u00f8dvendig for \u00e5 tilby tjenestene og administrere kundeforholdet, eller for \u00e5 oppfylle lovp\u00e5lagte plikter, samt for \u00e5 sikre dekning av eventuelle rettskrav. Nettstedet lagrer kun informasjon i EU\/E\u00d8S-land og i godkjente land iht. GDPR.<\/p>\n<p>Informasjon blir ikke videreformidlet til andre form\u00e5l enn det som er oppgitt i denne erkl\u00e6ringen. Du kan til enhver tid kreve innsyn i hvilke opplysninger som lagres om deg, og be oss korrigere, slette eller sende deg opplysningene i et maskinlesbart format.<\/p>\n<h3>6. Rettigheter til dine personopplysninger<\/h3>\n<p><em>Du har f\u00f8lgende rettigheter til personopplysningene dine:<\/em><\/p>\n<ul>\n<li>Rett til \u00e5 bli informert om at personopplysninger samles inn, hvilke opplysninger som samles inn og hva disse skal brukes til.<\/li>\n<li>Rett til at personopplysninger ikke brukes med mindre du aktivt har gitt samtykke til bruk av personopplysningene dine.<\/li>\n<li>Rett til \u00e5 be om en kopi av personopplysningene som vi har om deg.<\/li>\n<li>Rett til \u00e5 be oss korrigere personopplysningene hvis de er un\u00f8yaktige eller utdaterte.<\/li>\n<li>Rett til \u00e5 be om at personopplysningene slettes n\u00e5r det ikke lenger er n\u00f8dvendig for oss \u00e5 oppbevare slike data.<\/li>\n<li>Rett til n\u00e5r som helst \u00e5 trekke tilbake et samtykke til at vi kan behandle personopplysningene dine.<\/li>\n<\/ul>\n<p><strong>Kontaktopplysninger<\/strong><\/p>\n<p>Livos Norge<br \/>\nStasjonsveien 70<br \/>\n1482 NIttedal<\/p>\n<p>E-post: post@naturmaling.no<br \/>\nTlf: 408 45 599.<\/p>\n<\/div>\n","protected":false},"excerpt":{"rendered":"<p>Personvernerkl\u00e6ring og samtykke til bruk av data Det er viktig for oss \u00e5 overholde gjeldene lover og regler n\u00e5r vi behandler de personlige opplysningene du gir oss. Her informerer vi deg om hvordan vi samler inn og behandler slike data. &hellip; <a href=\"https:\/\/naturmaling.no\/livos\/personvernerklaering\/\">Continued<\/a><\/p>\n","protected":false},"author":2,"featured_media":0,"parent":0,"menu_order":0,"comment_status":"closed","ping_status":"closed","template":"","meta":{"_acf_changed":false,"footnotes":""},"class_list":["post-5954","page","type-page","status-publish","hentry"],"acf":[],"_links":{"self":[{"href":"https:\/\/naturmaling.no\/livos\/wp-json\/wp\/v2\/pages\/5954"}],"collection":[{"href":"https:\/\/naturmaling.no\/livos\/wp-json\/wp\/v2\/pages"}],"about":[{"href":"https:\/\/naturmaling.no\/livos\/wp-json\/wp\/v2\/types\/page"}],"author":[{"embeddable":true,"href":"https:\/\/naturmaling.no\/livos\/wp-json\/wp\/v2\/users\/2"}],"replies":[{"embeddable":true,"href":"https:\/\/naturmaling.no\/livos\/wp-json\/wp\/v2\/comments?post=5954"}],"version-history":[{"count":5,"href":"https:\/\/naturmaling.no\/livos\/wp-json\/wp\/v2\/pages\/5954\/revisions"}],"predecessor-version":[{"id":7131,"href":"https:\/\/naturmaling.no\/livos\/wp-json\/wp\/v2\/pages\/5954\/revisions\/7131"}],"wp:attachment":[{"href":"https:\/\/naturmaling.no\/livos\/wp-json\/wp\/v2\/media?parent=5954"}],"curies":[{"name":"wp","href":"https:\/\/api.w.org\/{rel}","templated":true}]}}