{"id":100,"date":"2014-10-02T11:39:43","date_gmt":"2014-10-02T09:39:43","guid":{"rendered":"https:\/\/naturmaling.no\/?post_type=product&#038;p=100"},"modified":"2022-08-26T11:25:40","modified_gmt":"2022-08-26T09:25:40","slug":"bekos-mobelvoks-fast-312","status":"publish","type":"product","link":"https:\/\/naturmaling.no\/livos\/produkt\/bekos-mobelvoks-fast-312\/","title":{"rendered":"BEKOS m\u00f8belvoks, fast (312)"},"content":{"rendered":"","protected":false},"excerpt":{"rendered":"<p>Carnauba- og bivoks til ubehandlet oljete og voksede flater. Til m\u00f8bler, d\u00f8rer, karmer, takkledning, vegger og andre gjenstander av tre. Ikke til gulv, vinduer og v\u00e5tomr\u00e5der. Gir en silkematt og antistatisk overflate som er lett \u00e5 holde ren.<\/p>\n","protected":false},"featured_media":4555,"comment_status":"closed","ping_status":"open","template":"","meta":{"_acf_changed":false},"product_cat":[15,16],"product_tag":[],"class_list":{"0":"post-100","1":"product","2":"type-product","3":"status-publish","4":"has-post-thumbnail","6":"product_cat-olje-lakk-og-voks","7":"product_cat-voks","8":"pa_bruksomrade-innendors","9":"pa_dekkevne-75-95-m2-liter","10":"pa_glans-silkematt","11":"pa_storrelse-0-2l","12":"pa_storrelse-2-5l","14":"first","15":"instock","16":"shipping-taxable","17":"purchasable","18":"product-type-variable","19":"has-default-attributes"},"acf":[],"_links":{"self":[{"href":"https:\/\/naturmaling.no\/livos\/wp-json\/wp\/v2\/product\/100"}],"collection":[{"href":"https:\/\/naturmaling.no\/livos\/wp-json\/wp\/v2\/product"}],"about":[{"href":"https:\/\/naturmaling.no\/livos\/wp-json\/wp\/v2\/types\/product"}],"replies":[{"embeddable":true,"href":"https:\/\/naturmaling.no\/livos\/wp-json\/wp\/v2\/comments?post=100"}],"wp:featuredmedia":[{"embeddable":true,"href":"https:\/\/naturmaling.no\/livos\/wp-json\/wp\/v2\/media\/4555"}],"wp:attachment":[{"href":"https:\/\/naturmaling.no\/livos\/wp-json\/wp\/v2\/media?parent=100"}],"wp:term":[{"taxonomy":"product_cat","embeddable":true,"href":"https:\/\/naturmaling.no\/livos\/wp-json\/wp\/v2\/product_cat?post=100"},{"taxonomy":"product_tag","embeddable":true,"href":"https:\/\/naturmaling.no\/livos\/wp-json\/wp\/v2\/product_tag?post=100"}],"curies":[{"name":"wp","href":"https:\/\/api.w.org\/{rel}","templated":true}]}}