{"id":101,"date":"2014-10-02T11:40:32","date_gmt":"2014-10-02T09:40:32","guid":{"rendered":"https:\/\/naturmaling.no\/?post_type=product&#038;p=101"},"modified":"2022-08-26T11:26:26","modified_gmt":"2022-08-26T09:26:26","slug":"laro-antikkvoks-fast-319","status":"publish","type":"product","link":"https:\/\/naturmaling.no\/livos\/produkt\/laro-antikkvoks-fast-319\/","title":{"rendered":"LARO antikkvoks, fast (319)"},"content":{"rendered":"","protected":false},"excerpt":{"rendered":"<p>Innvendig til beskyttelse og foredling av tre som m\u00f8bler og d\u00f8rer. Ikke egnet til ru overflater, gulv og v\u00e5tomr\u00e5der. Gir et silkematt slitesjikt.<\/p>\n","protected":false},"featured_media":4771,"comment_status":"closed","ping_status":"open","template":"","meta":{"_acf_changed":false},"product_cat":[15,16],"product_tag":[],"class_list":{"0":"post-101","1":"product","2":"type-product","3":"status-publish","4":"has-post-thumbnail","6":"product_cat-olje-lakk-og-voks","7":"product_cat-voks","8":"pa_bruksomrade-innendors","9":"pa_dekkevne-75-95-m2-per-liter","10":"pa_glans-silkematt","11":"pa_storrelse-0-2l","13":"first","14":"instock","15":"shipping-taxable","16":"purchasable","17":"product-type-variable","18":"has-default-attributes"},"acf":[],"_links":{"self":[{"href":"https:\/\/naturmaling.no\/livos\/wp-json\/wp\/v2\/product\/101"}],"collection":[{"href":"https:\/\/naturmaling.no\/livos\/wp-json\/wp\/v2\/product"}],"about":[{"href":"https:\/\/naturmaling.no\/livos\/wp-json\/wp\/v2\/types\/product"}],"replies":[{"embeddable":true,"href":"https:\/\/naturmaling.no\/livos\/wp-json\/wp\/v2\/comments?post=101"}],"wp:featuredmedia":[{"embeddable":true,"href":"https:\/\/naturmaling.no\/livos\/wp-json\/wp\/v2\/media\/4771"}],"wp:attachment":[{"href":"https:\/\/naturmaling.no\/livos\/wp-json\/wp\/v2\/media?parent=101"}],"wp:term":[{"taxonomy":"product_cat","embeddable":true,"href":"https:\/\/naturmaling.no\/livos\/wp-json\/wp\/v2\/product_cat?post=101"},{"taxonomy":"product_tag","embeddable":true,"href":"https:\/\/naturmaling.no\/livos\/wp-json\/wp\/v2\/product_tag?post=101"}],"curies":[{"name":"wp","href":"https:\/\/api.w.org\/{rel}","templated":true}]}}