{"id":103,"date":"2014-10-02T11:42:55","date_gmt":"2014-10-02T09:42:55","guid":{"rendered":"https:\/\/naturmaling.no\/?post_type=product&#038;p=103"},"modified":"2022-08-26T11:25:40","modified_gmt":"2022-08-26T09:25:40","slug":"bivos-oljevoksblanding-flytende-375","status":"publish","type":"product","link":"https:\/\/naturmaling.no\/livos\/produkt\/bivos-oljevoksblanding-flytende-375\/","title":{"rendered":"BIVOS olje\/voksblanding, flytende (375)"},"content":{"rendered":"","protected":false},"excerpt":{"rendered":"<p>Til innvendig bruk som m\u00f8belpleie og sluttbehandling av nedvasket, oljet eller vokset treverk. Til restaurering av gamle m\u00f8bler. Til pleie av Kera-Cott og linoleum. Gir en slitesterk og antistatisk overflate som er lett \u00e5 holde ren.<\/p>\n","protected":false},"featured_media":4561,"comment_status":"closed","ping_status":"open","template":"","meta":{"_acf_changed":false},"product_cat":[15,16],"product_tag":[],"class_list":{"0":"post-103","1":"product","2":"type-product","3":"status-publish","4":"has-post-thumbnail","6":"product_cat-olje-lakk-og-voks","7":"product_cat-voks","8":"pa_bruksomrade-innendors","9":"pa_dekkevne-20-100-m2-liter","10":"pa_glans-silkematt","11":"pa_storrelse-0-25l","12":"pa_storrelse-0-75l","13":"pa_storrelse-10l","14":"pa_storrelse-2-5l","16":"first","17":"instock","18":"shipping-taxable","19":"purchasable","20":"product-type-variable","21":"has-default-attributes"},"acf":[],"_links":{"self":[{"href":"https:\/\/naturmaling.no\/livos\/wp-json\/wp\/v2\/product\/103"}],"collection":[{"href":"https:\/\/naturmaling.no\/livos\/wp-json\/wp\/v2\/product"}],"about":[{"href":"https:\/\/naturmaling.no\/livos\/wp-json\/wp\/v2\/types\/product"}],"replies":[{"embeddable":true,"href":"https:\/\/naturmaling.no\/livos\/wp-json\/wp\/v2\/comments?post=103"}],"wp:featuredmedia":[{"embeddable":true,"href":"https:\/\/naturmaling.no\/livos\/wp-json\/wp\/v2\/media\/4561"}],"wp:attachment":[{"href":"https:\/\/naturmaling.no\/livos\/wp-json\/wp\/v2\/media?parent=103"}],"wp:term":[{"taxonomy":"product_cat","embeddable":true,"href":"https:\/\/naturmaling.no\/livos\/wp-json\/wp\/v2\/product_cat?post=103"},{"taxonomy":"product_tag","embeddable":true,"href":"https:\/\/naturmaling.no\/livos\/wp-json\/wp\/v2\/product_tag?post=103"}],"curies":[{"name":"wp","href":"https:\/\/api.w.org\/{rel}","templated":true}]}}