{"id":113,"date":"2014-10-02T11:54:03","date_gmt":"2014-10-02T09:54:03","guid":{"rendered":"https:\/\/naturmaling.no\/?post_type=product&#038;p=113"},"modified":"2022-08-26T11:26:26","modified_gmt":"2022-08-26T09:26:26","slug":"canto-silkematt-oljemaling-692","status":"publish","type":"product","link":"https:\/\/naturmaling.no\/livos\/produkt\/canto-silkematt-oljemaling-692\/","title":{"rendered":"CANTO silkematt oljemaling (692)"},"content":{"rendered":"","protected":false},"excerpt":{"rendered":"<p>Dette produktet tilh\u00f8rer LIVOS sin n\u00f8ytralserie tilpasset allergikere og lukt- og kjemikalief\u00f8lsomme.<\/p>\n<p>Silkematt oljemaling til innvendig bruk p\u00e5 tre etter grunning med LIVOS-produkter. CANTO (692) kan blandes seg i mellom og i CANTO (645) i ethvert forhold. Ikke til v\u00e5trom, vinduer eller radiatorer.<\/p>\n<p><a href=\"http:\/\/www.naturmaling.no\/nedlastning\/FK-CANTO_692_01.pdf\" target=\"_blank\" rel=\"noopener\">Se fargekart<\/a><\/p>\n","protected":false},"featured_media":4563,"comment_status":"closed","ping_status":"open","template":"","meta":{"_acf_changed":false},"product_cat":[9,11],"product_tag":[],"class_list":{"0":"post-113","1":"product","2":"type-product","3":"status-publish","4":"has-post-thumbnail","6":"product_cat-maling-og-sparkel","7":"product_cat-oljebasert-maling","8":"pa_base-oljebasert","9":"pa_bruksomrade-innendors","10":"pa_dekkevne-12-25-m2-liter","11":"pa_farge-005-solgul","12":"pa_farge-011-maisgul-oker","13":"pa_farge-041-engelsk-rod","14":"pa_farge-051-persisk-rod","15":"pa_farge-083-mandeltre-lysebrun","16":"pa_farge-101-svart-sort","17":"pa_farge-111-gron","18":"pa_farge-128-capribla","19":"pa_farge-201-hvit","20":"pa_farge-212-lysegra","21":"pa_farge-440-lindegronn","22":"pa_farge-442-gullgul","23":"pa_farge-580-kremhvit","24":"pa_glans-silkematt","25":"pa_storrelse-0-375l","26":"pa_storrelse-0-75l","27":"pa_storrelse-2-5l","28":"pa_storrelse-5l","30":"first","31":"instock","32":"shipping-taxable","33":"purchasable","34":"product-type-variable"},"acf":[],"_links":{"self":[{"href":"https:\/\/naturmaling.no\/livos\/wp-json\/wp\/v2\/product\/113"}],"collection":[{"href":"https:\/\/naturmaling.no\/livos\/wp-json\/wp\/v2\/product"}],"about":[{"href":"https:\/\/naturmaling.no\/livos\/wp-json\/wp\/v2\/types\/product"}],"replies":[{"embeddable":true,"href":"https:\/\/naturmaling.no\/livos\/wp-json\/wp\/v2\/comments?post=113"}],"wp:featuredmedia":[{"embeddable":true,"href":"https:\/\/naturmaling.no\/livos\/wp-json\/wp\/v2\/media\/4563"}],"wp:attachment":[{"href":"https:\/\/naturmaling.no\/livos\/wp-json\/wp\/v2\/media?parent=113"}],"wp:term":[{"taxonomy":"product_cat","embeddable":true,"href":"https:\/\/naturmaling.no\/livos\/wp-json\/wp\/v2\/product_cat?post=113"},{"taxonomy":"product_tag","embeddable":true,"href":"https:\/\/naturmaling.no\/livos\/wp-json\/wp\/v2\/product_tag?post=113"}],"curies":[{"name":"wp","href":"https:\/\/api.w.org\/{rel}","templated":true}]}}