{"id":162,"date":"2014-10-16T15:37:52","date_gmt":"2014-10-16T13:37:52","guid":{"rendered":"https:\/\/naturmaling.no\/?post_type=product&#038;p=162"},"modified":"2022-08-26T11:26:22","modified_gmt":"2022-08-26T09:26:22","slug":"bilis-fliselim-503","status":"publish","type":"product","link":"https:\/\/naturmaling.no\/livos\/produkt\/bilis-fliselim-503\/","title":{"rendered":"BILIS fliselim (503)"},"content":{"rendered":"","protected":false},"excerpt":{"rendered":"<p>Innvendig til keramiske fliser, steinplater, sm\u00e5 mosaikkplater til vegg og gulv av betong, puss, gipsplater, lettbetong, sand- og kalkstein. Ogs\u00e5 for tunge gulvfliser og v\u00e5trom. Ikke til tunge veggfliser, sv\u00f8mmebasseng, bitumen- eller plastbelegg. Passer til gulvvarme hvis avrettingsmassen er minst 28 dager gammel. <\/p>\n","protected":false},"featured_media":4764,"comment_status":"closed","ping_status":"open","template":"","meta":{"_acf_changed":false},"product_cat":[20,218],"product_tag":[],"class_list":{"0":"post-162","1":"product","2":"type-product","3":"status-publish","4":"has-post-thumbnail","6":"product_cat-lim-og-klister","7":"product_cat-lim","8":"pa_bruksomrade-innendors","9":"pa_dekkevne-05-15-m2-per-kg","10":"pa_storrelse-0-5kg","11":"pa_storrelse-25kg","12":"pa_storrelse-5kg","14":"first","15":"instock","16":"shipping-taxable","17":"purchasable","18":"product-type-variable","19":"has-default-attributes"},"acf":[],"_links":{"self":[{"href":"https:\/\/naturmaling.no\/livos\/wp-json\/wp\/v2\/product\/162"}],"collection":[{"href":"https:\/\/naturmaling.no\/livos\/wp-json\/wp\/v2\/product"}],"about":[{"href":"https:\/\/naturmaling.no\/livos\/wp-json\/wp\/v2\/types\/product"}],"replies":[{"embeddable":true,"href":"https:\/\/naturmaling.no\/livos\/wp-json\/wp\/v2\/comments?post=162"}],"wp:featuredmedia":[{"embeddable":true,"href":"https:\/\/naturmaling.no\/livos\/wp-json\/wp\/v2\/media\/4764"}],"wp:attachment":[{"href":"https:\/\/naturmaling.no\/livos\/wp-json\/wp\/v2\/media?parent=162"}],"wp:term":[{"taxonomy":"product_cat","embeddable":true,"href":"https:\/\/naturmaling.no\/livos\/wp-json\/wp\/v2\/product_cat?post=162"},{"taxonomy":"product_tag","embeddable":true,"href":"https:\/\/naturmaling.no\/livos\/wp-json\/wp\/v2\/product_tag?post=162"}],"curies":[{"name":"wp","href":"https:\/\/api.w.org\/{rel}","templated":true}]}}