{"id":168,"date":"2014-10-16T15:44:34","date_gmt":"2014-10-16T13:44:34","guid":{"rendered":"https:\/\/naturmaling.no\/?post_type=product&#038;p=168"},"modified":"2022-08-26T11:25:39","modified_gmt":"2022-08-26T09:25:39","slug":"darix-mobellasur-innvendig-297","status":"publish","type":"product","link":"https:\/\/naturmaling.no\/livos\/produkt\/darix-mobellasur-innvendig-297\/","title":{"rendered":"DARIX m\u00f8bellasur, innvendig (297)"},"content":{"rendered":"","protected":false},"excerpt":{"rendered":"<p>Innvendig lasur til m\u00f8bler i heltre og fin\u00e9r, og innvendig i skap.<br \/>\n8 flotte trefarger som bl.a svartor, hasseln\u00f8tt, antikk eik, ravfarget bjerk, gran og furu.<\/p>\n<p><a href=\"http:\/\/www.naturmaling.no\/nedlastning\/FK-DARIX_297_03.pdf\" title=\"Fargekart\" target=\"_blank\" rel=\"noopener\">Se fargekart<\/a><\/p>\n","protected":false},"featured_media":4762,"comment_status":"closed","ping_status":"open","template":"","meta":{"_acf_changed":false},"product_cat":[13,216],"product_tag":[],"class_list":{"0":"post-168","1":"product","2":"type-product","3":"status-publish","4":"has-post-thumbnail","6":"product_cat-beis-og-lasur","7":"product_cat-innvendig","8":"pa_base-oljebasert","9":"pa_bruksomrade-innendors","10":"pa_dekkevne-15-30-m2-liter","11":"pa_farge-105-svartor","12":"pa_farge-203-lys","13":"pa_farge-273-rod-honning","14":"pa_farge-274-hasselnott","15":"pa_farge-275-lutet-furu","16":"pa_farge-277-lutet-gran","17":"pa_farge-279-ravfarget-bjerk","18":"pa_farge-289-antikk-eik","19":"pa_storrelse-0-75l","20":"pa_storrelse-10l","21":"pa_storrelse-2-5l","23":"first","24":"instock","25":"shipping-taxable","26":"purchasable","27":"product-type-variable","28":"has-default-attributes"},"acf":[],"_links":{"self":[{"href":"https:\/\/naturmaling.no\/livos\/wp-json\/wp\/v2\/product\/168"}],"collection":[{"href":"https:\/\/naturmaling.no\/livos\/wp-json\/wp\/v2\/product"}],"about":[{"href":"https:\/\/naturmaling.no\/livos\/wp-json\/wp\/v2\/types\/product"}],"replies":[{"embeddable":true,"href":"https:\/\/naturmaling.no\/livos\/wp-json\/wp\/v2\/comments?post=168"}],"wp:featuredmedia":[{"embeddable":true,"href":"https:\/\/naturmaling.no\/livos\/wp-json\/wp\/v2\/media\/4762"}],"wp:attachment":[{"href":"https:\/\/naturmaling.no\/livos\/wp-json\/wp\/v2\/media?parent=168"}],"wp:term":[{"taxonomy":"product_cat","embeddable":true,"href":"https:\/\/naturmaling.no\/livos\/wp-json\/wp\/v2\/product_cat?post=168"},{"taxonomy":"product_tag","embeddable":true,"href":"https:\/\/naturmaling.no\/livos\/wp-json\/wp\/v2\/product_tag?post=168"}],"curies":[{"name":"wp","href":"https:\/\/api.w.org\/{rel}","templated":true}]}}