{"id":169,"date":"2014-10-16T15:45:57","date_gmt":"2014-10-16T13:45:57","guid":{"rendered":"https:\/\/naturmaling.no\/?post_type=product&#038;p=169"},"modified":"2022-08-26T11:25:50","modified_gmt":"2022-08-26T09:25:50","slug":"bodios-vannvoksbeis-innvendig-340","status":"publish","type":"product","link":"https:\/\/naturmaling.no\/livos\/produkt\/bodios-vannvoksbeis-innvendig-340\/","title":{"rendered":"BODIOS vann\/voksbeis, innvendig (340)"},"content":{"rendered":"","protected":false},"excerpt":{"rendered":"<p>Til innvendig bruk p\u00e5 n\u00e5letr\u00e6r. Godt egnet for panel (tak og vegg). Ikke egnet for v\u00e5trom,<br \/>\nbordplater og gulv. Fargene kan blandes seg imellom i ethvert forhold, og fargene kan gj\u00f8res<br \/>\nmer intense med tilsetning av SUNNO nr. 425.<\/p>\n<p>&nbsp;<\/p>\n<p><a href=\"http:\/\/www.naturmaling.no\/nedlastning\/FK-BODIOS_340.pdf\" title=\"Fargekart\" target=\"_blank\" rel=\"noopener\">Se fargekart<\/a><\/p>\n<p>&nbsp;<\/p>\n","protected":false},"featured_media":4562,"comment_status":"closed","ping_status":"open","template":"","meta":{"_acf_changed":false},"product_cat":[13,216],"product_tag":[],"class_list":{"0":"post-169","1":"product","2":"type-product","3":"status-publish","4":"has-post-thumbnail","6":"product_cat-beis-og-lasur","7":"product_cat-innvendig","8":"pa_base-oljebasert","9":"pa_bruksomrade-innendors","10":"pa_dekkevne-18-m2-liter","11":"pa_farge-002-fargelos","12":"pa_farge-023-mirabell","13":"pa_farge-034-tindvedrod","14":"pa_farge-043-kirsebaer","15":"pa_farge-107-antrasitt","16":"pa_farge-121-bla","17":"pa_farge-125-lysebla","18":"pa_farge-143-aprikos","19":"pa_farge-175-dansk-lutet","20":"pa_farge-201-hvit","21":"pa_storrelse-0-5l","22":"pa_storrelse-5l","24":"first","25":"instock","26":"shipping-taxable","27":"purchasable","28":"product-type-variable","29":"has-default-attributes"},"acf":[],"_links":{"self":[{"href":"https:\/\/naturmaling.no\/livos\/wp-json\/wp\/v2\/product\/169"}],"collection":[{"href":"https:\/\/naturmaling.no\/livos\/wp-json\/wp\/v2\/product"}],"about":[{"href":"https:\/\/naturmaling.no\/livos\/wp-json\/wp\/v2\/types\/product"}],"replies":[{"embeddable":true,"href":"https:\/\/naturmaling.no\/livos\/wp-json\/wp\/v2\/comments?post=169"}],"wp:featuredmedia":[{"embeddable":true,"href":"https:\/\/naturmaling.no\/livos\/wp-json\/wp\/v2\/media\/4562"}],"wp:attachment":[{"href":"https:\/\/naturmaling.no\/livos\/wp-json\/wp\/v2\/media?parent=169"}],"wp:term":[{"taxonomy":"product_cat","embeddable":true,"href":"https:\/\/naturmaling.no\/livos\/wp-json\/wp\/v2\/product_cat?post=169"},{"taxonomy":"product_tag","embeddable":true,"href":"https:\/\/naturmaling.no\/livos\/wp-json\/wp\/v2\/product_tag?post=169"}],"curies":[{"name":"wp","href":"https:\/\/api.w.org\/{rel}","templated":true}]}}