{"id":171,"date":"2014-10-16T15:50:44","date_gmt":"2014-10-16T13:50:44","guid":{"rendered":"https:\/\/naturmaling.no\/?post_type=product&#038;p=171"},"modified":"2022-08-26T11:25:55","modified_gmt":"2022-08-26T09:25:55","slug":"kaldet-vaerbeskyttelse-utvendig-281","status":"publish","type":"product","link":"https:\/\/naturmaling.no\/livos\/produkt\/kaldet-vaerbeskyttelse-utvendig-281\/","title":{"rendered":"KALDET v\u00e6rbeskyttelse, utvendig (281)"},"content":{"rendered":"","protected":false},"excerpt":{"rendered":"<p>Herdende og meget v\u00e6rbestandig beis til utvendig bruk p\u00e5 tre. Grunnes med ADAO (259). Kun vinduer kan behandles b\u00e5de innvendig og utvendig. Ikke til gulv og trapper.<\/p>\n<p>&nbsp;<\/p>\n<p><a title=\"Fargekart\" href=\"http:\/\/www.naturmaling.no\/nedlastning\/FK-KALDET_281.pdf\" target=\"_blank\" rel=\"noopener\">Se fargekart<\/a><\/p>\n<p>&nbsp;<\/p>\n","protected":false},"featured_media":4588,"comment_status":"closed","ping_status":"open","template":"","meta":{"_acf_changed":false},"product_cat":[13,217],"product_tag":[],"class_list":{"0":"post-171","1":"product","2":"type-product","3":"status-publish","4":"has-post-thumbnail","6":"product_cat-beis-og-lasur","7":"product_cat-utvendig","8":"pa_base-oljebasert","9":"pa_bruksomrade-utendors","10":"pa_dekkevne-10-25-m2-liter","11":"pa_farge-022-buksbom","12":"pa_farge-032-pinje","13":"pa_farge-042-kobberbrun-mork-teak","14":"pa_farge-052-oransjebrun","15":"pa_farge-054-mahogni","16":"pa_farge-062-nottebrun","17":"pa_farge-076-gronn-oker-eik","18":"pa_farge-082-palisander","19":"pa_farge-102-ibenholt","20":"pa_farge-113-gronn","21":"pa_farge-122-bla-ultramarinebla","22":"pa_farge-124-bondebla","23":"pa_farge-212-lysegra","24":"pa_storrelse-0-75l","25":"pa_storrelse-10l","26":"pa_storrelse-2-5l","28":"first","29":"instock","30":"shipping-taxable","31":"purchasable","32":"product-type-variable","33":"has-default-attributes"},"acf":[],"_links":{"self":[{"href":"https:\/\/naturmaling.no\/livos\/wp-json\/wp\/v2\/product\/171"}],"collection":[{"href":"https:\/\/naturmaling.no\/livos\/wp-json\/wp\/v2\/product"}],"about":[{"href":"https:\/\/naturmaling.no\/livos\/wp-json\/wp\/v2\/types\/product"}],"replies":[{"embeddable":true,"href":"https:\/\/naturmaling.no\/livos\/wp-json\/wp\/v2\/comments?post=171"}],"wp:featuredmedia":[{"embeddable":true,"href":"https:\/\/naturmaling.no\/livos\/wp-json\/wp\/v2\/media\/4588"}],"wp:attachment":[{"href":"https:\/\/naturmaling.no\/livos\/wp-json\/wp\/v2\/media?parent=171"}],"wp:term":[{"taxonomy":"product_cat","embeddable":true,"href":"https:\/\/naturmaling.no\/livos\/wp-json\/wp\/v2\/product_cat?post=171"},{"taxonomy":"product_tag","embeddable":true,"href":"https:\/\/naturmaling.no\/livos\/wp-json\/wp\/v2\/product_tag?post=171"}],"curies":[{"name":"wp","href":"https:\/\/api.w.org\/{rel}","templated":true}]}}