{"id":172,"date":"2014-10-16T15:51:36","date_gmt":"2014-10-16T13:51:36","guid":{"rendered":"https:\/\/naturmaling.no\/?post_type=product&#038;p=172"},"modified":"2022-08-26T11:30:50","modified_gmt":"2022-08-26T09:30:50","slug":"alis-teakolje-utvendig-567","status":"publish","type":"product","link":"https:\/\/naturmaling.no\/livos\/produkt\/alis-teakolje-utvendig-567\/","title":{"rendered":"ALIS teakolje (567)"},"content":{"rendered":"","protected":false},"excerpt":{"rendered":"<p>Dette produktet tilh\u00f8rer LIVOS sin n\u00f8ytralserie tilpasset allergikere og lukt- og kjemikalief\u00f8lsomme.<\/p>\n<p>Til innvendig og utvendig bruk p\u00e5 m\u00f8bler, hagem\u00f8bler, d\u00f8rterskler m.m. til alle harde tresorter. Gir en langvarig og god beskyttelse. Fargel\u00f8s.<\/p>\n","protected":false},"featured_media":4761,"comment_status":"closed","ping_status":"closed","template":"","meta":{"_acf_changed":false},"product_cat":[15,17],"product_tag":[],"class_list":{"0":"post-172","1":"product","2":"type-product","3":"status-publish","4":"has-post-thumbnail","6":"product_cat-olje-lakk-og-voks","7":"product_cat-olje","8":"pa_base-oljebasert","9":"pa_bruksomrade-innendors","10":"pa_bruksomrade-utendors","11":"pa_dekkevne-20-80-m2-liter","12":"pa_storrelse-0-25l","13":"pa_storrelse-0-75l","14":"pa_storrelse-2-5l","16":"first","17":"instock","18":"shipping-taxable","19":"purchasable","20":"product-type-variable","21":"has-default-attributes"},"acf":[],"_links":{"self":[{"href":"https:\/\/naturmaling.no\/livos\/wp-json\/wp\/v2\/product\/172"}],"collection":[{"href":"https:\/\/naturmaling.no\/livos\/wp-json\/wp\/v2\/product"}],"about":[{"href":"https:\/\/naturmaling.no\/livos\/wp-json\/wp\/v2\/types\/product"}],"replies":[{"embeddable":true,"href":"https:\/\/naturmaling.no\/livos\/wp-json\/wp\/v2\/comments?post=172"}],"wp:featuredmedia":[{"embeddable":true,"href":"https:\/\/naturmaling.no\/livos\/wp-json\/wp\/v2\/media\/4761"}],"wp:attachment":[{"href":"https:\/\/naturmaling.no\/livos\/wp-json\/wp\/v2\/media?parent=172"}],"wp:term":[{"taxonomy":"product_cat","embeddable":true,"href":"https:\/\/naturmaling.no\/livos\/wp-json\/wp\/v2\/product_cat?post=172"},{"taxonomy":"product_tag","embeddable":true,"href":"https:\/\/naturmaling.no\/livos\/wp-json\/wp\/v2\/product_tag?post=172"}],"curies":[{"name":"wp","href":"https:\/\/api.w.org\/{rel}","templated":true}]}}