{"id":178,"date":"2014-10-16T15:58:55","date_gmt":"2014-10-16T13:58:55","guid":{"rendered":"https:\/\/naturmaling.no\/?post_type=product&#038;p=178"},"modified":"2022-08-26T11:25:41","modified_gmt":"2022-08-26T09:25:41","slug":"strutivos-fet-kalk-malingspuss-474","status":"publish","type":"product","link":"https:\/\/naturmaling.no\/livos\/produkt\/strutivos-fet-kalk-malingspuss-474\/","title":{"rendered":"STRUTIVOS fet kalk malingspuss (474)"},"content":{"rendered":"","protected":false},"excerpt":{"rendered":"<p>Dekkende, matt, antibakteriell og l\u00f8semiddelfri finpuss til alle mineralske underlag innvendig. Egnet til v\u00e5trom p\u00e5 grunn av den h\u00f8ye PH-verdien (13) som motvirker soppdannelse. Godt egnet som underlag for LIVOS kalkmaling og malingspuss. L\u00f8semiddelfri. Meget diffusjons\u00e5pen, fuktighetsregulerende, omdanner seg fullstendig til kiseljord med alle mineralske underlag. Kan innfarges med STRUTIVOS (475) eller inntil 5% URA T\u00d8RRPIGMENT (849-870). Hvit.<\/p>\n","protected":false},"featured_media":4758,"comment_status":"closed","ping_status":"open","template":"","meta":{"_acf_changed":false},"product_cat":[14,221],"product_tag":[],"class_list":{"0":"post-178","1":"product","2":"type-product","3":"status-publish","4":"has-post-thumbnail","6":"product_cat-leire-og-kalkprodukter","7":"product_cat-kalkprodukter","8":"pa_base-vannbasert","9":"pa_bruksomrade-innendors","10":"pa_dekkevne-4-5-m2-liter","11":"pa_storrelse-10l","12":"pa_storrelse-1l","13":"pa_storrelse-5l","15":"first","16":"instock","17":"shipping-taxable","18":"purchasable","19":"product-type-variable","20":"has-default-attributes"},"acf":[],"_links":{"self":[{"href":"https:\/\/naturmaling.no\/livos\/wp-json\/wp\/v2\/product\/178"}],"collection":[{"href":"https:\/\/naturmaling.no\/livos\/wp-json\/wp\/v2\/product"}],"about":[{"href":"https:\/\/naturmaling.no\/livos\/wp-json\/wp\/v2\/types\/product"}],"replies":[{"embeddable":true,"href":"https:\/\/naturmaling.no\/livos\/wp-json\/wp\/v2\/comments?post=178"}],"wp:featuredmedia":[{"embeddable":true,"href":"https:\/\/naturmaling.no\/livos\/wp-json\/wp\/v2\/media\/4758"}],"wp:attachment":[{"href":"https:\/\/naturmaling.no\/livos\/wp-json\/wp\/v2\/media?parent=178"}],"wp:term":[{"taxonomy":"product_cat","embeddable":true,"href":"https:\/\/naturmaling.no\/livos\/wp-json\/wp\/v2\/product_cat?post=178"},{"taxonomy":"product_tag","embeddable":true,"href":"https:\/\/naturmaling.no\/livos\/wp-json\/wp\/v2\/product_tag?post=178"}],"curies":[{"name":"wp","href":"https:\/\/api.w.org\/{rel}","templated":true}]}}