{"id":180,"date":"2014-10-16T16:01:53","date_gmt":"2014-10-16T14:01:53","guid":{"rendered":"https:\/\/naturmaling.no\/?post_type=product&#038;p=180"},"modified":"2022-08-26T11:26:36","modified_gmt":"2022-08-26T09:26:36","slug":"strutivos-fargetilsetning-476","status":"publish","type":"product","link":"https:\/\/naturmaling.no\/livos\/produkt\/strutivos-fargetilsetning-476\/","title":{"rendered":"STRUTIVOS fargetilsetning (476)"},"content":{"rendered":"","protected":false},"excerpt":{"rendered":"<p>Til innvendig bruk for \u00e5 tilsette farge i 475. Kan blandes i ethvert forhold og med hverandre i ethvert forhold. Overflaten er vaskbar p\u00e5 svake farger, og begrenset vaskbar ved sterke farger. Lett \u00e5 bearbeide.  16 farger.<\/p>\n<p>&nbsp;<\/p>\n<p><a title=\"Fargekart\" href=\"http:\/\/www.naturmaling.no\/nedlastning\/FK-STRUTIVOS_476_01.pdf\" target=\"_blank\" rel=\"noopener\">Se fargekart<\/a><\/p>\n<p>&nbsp;<\/p>\n","protected":false},"featured_media":4756,"comment_status":"closed","ping_status":"open","template":"","meta":{"_acf_changed":false},"product_cat":[14,221],"product_tag":[],"class_list":{"0":"post-180","1":"product","2":"type-product","3":"status-publish","4":"has-post-thumbnail","6":"product_cat-leire-og-kalkprodukter","7":"product_cat-kalkprodukter","8":"pa_base-vannbasert","9":"pa_bruksomrade-innendors","10":"pa_farge-005-solgul","11":"pa_farge-011-maisgul-oker","12":"pa_farge-018-maishonninggul","13":"pa_farge-020-terracotta","14":"pa_farge-024-cognac","15":"pa_farge-041-engelsk-rod","16":"pa_farge-051-persisk-rod","17":"pa_farge-071-umbra-natur","18":"pa_farge-084-kisel","19":"pa_farge-091-lysebrun","20":"pa_farge-101-svart-sort","21":"pa_farge-106-gressgronn","22":"pa_farge-111-gron","23":"pa_farge-201-hvit","24":"pa_farge-211-kremhvit-grahvit","25":"pa_farge-442-gullgul","26":"pa_storrelse-0-375l","27":"pa_storrelse-2-5l","28":"pa_storrelse-5l","30":"first","31":"instock","32":"shipping-taxable","33":"purchasable","34":"product-type-variable","35":"has-default-attributes"},"acf":[],"_links":{"self":[{"href":"https:\/\/naturmaling.no\/livos\/wp-json\/wp\/v2\/product\/180"}],"collection":[{"href":"https:\/\/naturmaling.no\/livos\/wp-json\/wp\/v2\/product"}],"about":[{"href":"https:\/\/naturmaling.no\/livos\/wp-json\/wp\/v2\/types\/product"}],"replies":[{"embeddable":true,"href":"https:\/\/naturmaling.no\/livos\/wp-json\/wp\/v2\/comments?post=180"}],"wp:featuredmedia":[{"embeddable":true,"href":"https:\/\/naturmaling.no\/livos\/wp-json\/wp\/v2\/media\/4756"}],"wp:attachment":[{"href":"https:\/\/naturmaling.no\/livos\/wp-json\/wp\/v2\/media?parent=180"}],"wp:term":[{"taxonomy":"product_cat","embeddable":true,"href":"https:\/\/naturmaling.no\/livos\/wp-json\/wp\/v2\/product_cat?post=180"},{"taxonomy":"product_tag","embeddable":true,"href":"https:\/\/naturmaling.no\/livos\/wp-json\/wp\/v2\/product_tag?post=180"}],"curies":[{"name":"wp","href":"https:\/\/api.w.org\/{rel}","templated":true}]}}