{"id":181,"date":"2014-10-16T16:03:08","date_gmt":"2014-10-16T14:03:08","guid":{"rendered":"https:\/\/naturmaling.no\/?post_type=product&#038;p=181"},"modified":"2022-08-26T11:25:38","modified_gmt":"2022-08-26T09:25:38","slug":"svalos-tynner-uten-appelsinskallolje-219","status":"publish","type":"product","link":"https:\/\/naturmaling.no\/livos\/produkt\/svalos-tynner-uten-appelsinskallolje-219\/","title":{"rendered":"SVALOS tynner uten appelsinskallolje (292)"},"content":{"rendered":"","protected":false},"excerpt":{"rendered":"<p>Dette produktet tilh\u00f8rer LIVOS sin n\u00f8ytralserie tilpasset allergikere og lukt- og kjemikalief\u00f8lsomme.<\/p>\n<p>Fargel\u00f8s v\u00e6ske uten lukt. For \u00e5 tynne produkter p\u00e5 olje- og harpiksbasis. Til rengj\u00f8ring av pensler og verkt\u00f8y. Til kunst og hobby. Uten sitronolje.<\/p>\n","protected":false},"featured_media":4755,"comment_status":"closed","ping_status":"closed","template":"","meta":{"_acf_changed":false},"product_cat":[23],"product_tag":[],"class_list":{"0":"post-181","1":"product","2":"type-product","3":"status-publish","4":"has-post-thumbnail","6":"product_cat-tynnere-og-verktoyrens","7":"pa_storrelse-0-5l","8":"pa_storrelse-5l","10":"first","11":"instock","12":"shipping-taxable","13":"purchasable","14":"product-type-variable","15":"has-default-attributes"},"acf":[],"_links":{"self":[{"href":"https:\/\/naturmaling.no\/livos\/wp-json\/wp\/v2\/product\/181"}],"collection":[{"href":"https:\/\/naturmaling.no\/livos\/wp-json\/wp\/v2\/product"}],"about":[{"href":"https:\/\/naturmaling.no\/livos\/wp-json\/wp\/v2\/types\/product"}],"replies":[{"embeddable":true,"href":"https:\/\/naturmaling.no\/livos\/wp-json\/wp\/v2\/comments?post=181"}],"wp:featuredmedia":[{"embeddable":true,"href":"https:\/\/naturmaling.no\/livos\/wp-json\/wp\/v2\/media\/4755"}],"wp:attachment":[{"href":"https:\/\/naturmaling.no\/livos\/wp-json\/wp\/v2\/media?parent=181"}],"wp:term":[{"taxonomy":"product_cat","embeddable":true,"href":"https:\/\/naturmaling.no\/livos\/wp-json\/wp\/v2\/product_cat?post=181"},{"taxonomy":"product_tag","embeddable":true,"href":"https:\/\/naturmaling.no\/livos\/wp-json\/wp\/v2\/product_tag?post=181"}],"curies":[{"name":"wp","href":"https:\/\/api.w.org\/{rel}","templated":true}]}}