{"id":185,"date":"2014-10-16T16:10:15","date_gmt":"2014-10-16T14:10:15","guid":{"rendered":"https:\/\/naturmaling.no\/?post_type=product&#038;p=185"},"modified":"2022-08-26T11:25:46","modified_gmt":"2022-08-26T09:25:46","slug":"latis-plantesape-551","status":"publish","type":"product","link":"https:\/\/naturmaling.no\/livos\/produkt\/latis-plantesape-551\/","title":{"rendered":"LATIS plantes\u00e5pe (551)"},"content":{"rendered":"","protected":false},"excerpt":{"rendered":"<p>Flytende plantes\u00e5pekonsentrat. Til gulv og generelt renhold. Meget dr\u00f8y. Til vask, kun 1 spiseskje til 10 liter vann.<\/p>\n","protected":false},"featured_media":4596,"comment_status":"closed","ping_status":"open","template":"","meta":{"_acf_changed":false},"product_cat":[22],"product_tag":[],"class_list":{"0":"post-185","1":"product","2":"type-product","3":"status-publish","4":"has-post-thumbnail","6":"product_cat-rengjoring","7":"pa_storrelse-0-5l","8":"pa_storrelse-2-5l","9":"pa_storrelse-5l","11":"first","12":"instock","13":"shipping-taxable","14":"purchasable","15":"product-type-variable","16":"has-default-attributes"},"acf":[],"_links":{"self":[{"href":"https:\/\/naturmaling.no\/livos\/wp-json\/wp\/v2\/product\/185"}],"collection":[{"href":"https:\/\/naturmaling.no\/livos\/wp-json\/wp\/v2\/product"}],"about":[{"href":"https:\/\/naturmaling.no\/livos\/wp-json\/wp\/v2\/types\/product"}],"replies":[{"embeddable":true,"href":"https:\/\/naturmaling.no\/livos\/wp-json\/wp\/v2\/comments?post=185"}],"wp:featuredmedia":[{"embeddable":true,"href":"https:\/\/naturmaling.no\/livos\/wp-json\/wp\/v2\/media\/4596"}],"wp:attachment":[{"href":"https:\/\/naturmaling.no\/livos\/wp-json\/wp\/v2\/media?parent=185"}],"wp:term":[{"taxonomy":"product_cat","embeddable":true,"href":"https:\/\/naturmaling.no\/livos\/wp-json\/wp\/v2\/product_cat?post=185"},{"taxonomy":"product_tag","embeddable":true,"href":"https:\/\/naturmaling.no\/livos\/wp-json\/wp\/v2\/product_tag?post=185"}],"curies":[{"name":"wp","href":"https:\/\/api.w.org\/{rel}","templated":true}]}}