{"id":3956,"date":"2014-12-17T14:53:59","date_gmt":"2014-12-17T13:53:59","guid":{"rendered":"https:\/\/naturmaling.no\/produkt\/gleivo-panelvoks-flytende-317n\/"},"modified":"2022-08-26T11:26:02","modified_gmt":"2022-08-26T09:26:02","slug":"gleivo-panelvoks-flytende-317","status":"publish","type":"product","link":"https:\/\/naturmaling.no\/livos\/produkt\/gleivo-panelvoks-flytende-317\/","title":{"rendered":"GLEIVO panelvoks, flytende (317)"},"content":{"rendered":"","protected":false},"excerpt":{"rendered":"<p>Dette produktet tilh\u00f8rer LIVOS sin n\u00f8ytralserie tilpasset allergikere og lukt- og kjemikalief\u00f8lsomme.<\/p>\n<p>Til innvendig bruk som sluttbehandling av LIVOS-oljete overflater og opp- friskning av voksede overflater p\u00e5 tre, stein og kork. Til regelmessig boning av linoleum. Velegnet som panelvoks. Kan blande i inntil 10% VINDO (650\/629). Gir en silkeaktig og antistatisk overflate som er lett og holde ren.<\/p>\n","protected":false},"featured_media":4578,"comment_status":"closed","ping_status":"closed","template":"","meta":{"_acf_changed":false},"product_cat":[15,16],"product_tag":[],"class_list":{"0":"post-3956","1":"product","2":"type-product","3":"status-publish","4":"has-post-thumbnail","6":"product_cat-olje-lakk-og-voks","7":"product_cat-voks","8":"pa_bruksomrade-innendors","9":"pa_dekkevne-20-100-m2-liter","10":"pa_glans-silkematt","11":"pa_storrelse-0-25l","12":"pa_storrelse-10l","13":"pa_storrelse-1l","14":"pa_storrelse-2-5l","16":"first","17":"instock","18":"shipping-taxable","19":"purchasable","20":"product-type-variable","21":"has-default-attributes"},"acf":[],"_links":{"self":[{"href":"https:\/\/naturmaling.no\/livos\/wp-json\/wp\/v2\/product\/3956"}],"collection":[{"href":"https:\/\/naturmaling.no\/livos\/wp-json\/wp\/v2\/product"}],"about":[{"href":"https:\/\/naturmaling.no\/livos\/wp-json\/wp\/v2\/types\/product"}],"replies":[{"embeddable":true,"href":"https:\/\/naturmaling.no\/livos\/wp-json\/wp\/v2\/comments?post=3956"}],"wp:featuredmedia":[{"embeddable":true,"href":"https:\/\/naturmaling.no\/livos\/wp-json\/wp\/v2\/media\/4578"}],"wp:attachment":[{"href":"https:\/\/naturmaling.no\/livos\/wp-json\/wp\/v2\/media?parent=3956"}],"wp:term":[{"taxonomy":"product_cat","embeddable":true,"href":"https:\/\/naturmaling.no\/livos\/wp-json\/wp\/v2\/product_cat?post=3956"},{"taxonomy":"product_tag","embeddable":true,"href":"https:\/\/naturmaling.no\/livos\/wp-json\/wp\/v2\/product_tag?post=3956"}],"curies":[{"name":"wp","href":"https:\/\/api.w.org\/{rel}","templated":true}]}}