{"id":3961,"date":"2014-12-17T14:59:43","date_gmt":"2014-12-17T13:59:43","guid":{"rendered":"https:\/\/naturmaling.no\/produkt\/alisa-hardvoks-fast-302n\/"},"modified":"2022-08-26T11:26:02","modified_gmt":"2022-08-26T09:26:02","slug":"alisa-hardvoks-fast-302-2","status":"publish","type":"product","link":"https:\/\/naturmaling.no\/livos\/produkt\/alisa-hardvoks-fast-302-2\/","title":{"rendered":"ALISA hardvoks, fast (302)"},"content":{"rendered":"","protected":false},"excerpt":{"rendered":"<p>Dette produktet tilh\u00f8rer LIVOS sin n\u00f8ytralserie tilpasset allergikere og lukt- og kjemikalief\u00f8lsomme.<\/p>\n<p>Til behandling av overflater tidligere behandlet med LIVOS oljer, vokser eller LIVOS sine skjellakkprodukter. M\u00e5 poleres. Ikke egnet til v\u00e5tomr\u00e5der. Gir en slitesterk og antistatisk overflate som er lett \u00e5 holde ren.<\/p>\n","protected":false},"featured_media":4548,"comment_status":"closed","ping_status":"open","template":"","meta":{"_acf_changed":false},"product_cat":[15,16],"product_tag":[],"class_list":{"0":"post-3961","1":"product","2":"type-product","3":"status-publish","4":"has-post-thumbnail","6":"product_cat-olje-lakk-og-voks","7":"product_cat-voks","8":"pa_bruksomrade-innendors","9":"pa_dekkevne-200-m2-liter","10":"pa_glans-silkematt","11":"pa_storrelse-0-2l","12":"pa_storrelse-2-5l","14":"first","15":"instock","16":"shipping-taxable","17":"purchasable","18":"product-type-variable","19":"has-default-attributes"},"acf":[],"_links":{"self":[{"href":"https:\/\/naturmaling.no\/livos\/wp-json\/wp\/v2\/product\/3961"}],"collection":[{"href":"https:\/\/naturmaling.no\/livos\/wp-json\/wp\/v2\/product"}],"about":[{"href":"https:\/\/naturmaling.no\/livos\/wp-json\/wp\/v2\/types\/product"}],"replies":[{"embeddable":true,"href":"https:\/\/naturmaling.no\/livos\/wp-json\/wp\/v2\/comments?post=3961"}],"wp:featuredmedia":[{"embeddable":true,"href":"https:\/\/naturmaling.no\/livos\/wp-json\/wp\/v2\/media\/4548"}],"wp:attachment":[{"href":"https:\/\/naturmaling.no\/livos\/wp-json\/wp\/v2\/media?parent=3961"}],"wp:term":[{"taxonomy":"product_cat","embeddable":true,"href":"https:\/\/naturmaling.no\/livos\/wp-json\/wp\/v2\/product_cat?post=3961"},{"taxonomy":"product_tag","embeddable":true,"href":"https:\/\/naturmaling.no\/livos\/wp-json\/wp\/v2\/product_tag?post=3961"}],"curies":[{"name":"wp","href":"https:\/\/api.w.org\/{rel}","templated":true}]}}