{"id":3964,"date":"2014-12-17T15:02:02","date_gmt":"2014-12-17T14:02:02","guid":{"rendered":"https:\/\/naturmaling.no\/produkt\/menos-matt-oljemaling-646n\/"},"modified":"2022-08-26T11:36:02","modified_gmt":"2022-08-26T09:36:02","slug":"menos-matt-oljemaling-646","status":"publish","type":"product","link":"https:\/\/naturmaling.no\/livos\/produkt\/menos-matt-oljemaling-646\/","title":{"rendered":"MENOS matt oljemaling (626)"},"content":{"rendered":"","protected":false},"excerpt":{"rendered":"<p>Dette produktet tilh\u00f8rer LIVOS sin n\u00f8ytralserie tilpasset allergikere og lukt- og kjemikalief\u00f8lsomme.<\/p>\n<p>Hvit, matt oljebasert grunningsmaling til innvendig bruk. Fester p\u00e5 de fleste underlag som tre, spon- og trefiberplater, glassfiberstrie og papirtapet, tidligere malte flater med DUBRON (412\/413), syntetiske malinger \u2013 m\u00e5 testes. Mineralsk underlag som mur, puss og gips grunnes f\u00f8rst med REMIO spesilagrunning (618). Kan blandes med VINDO 629 (maks 5%). Ikke til v\u00e5trom og vinduer, gulv og radiatorer.<\/p>\n<p>Etterbehandles med CANTO (645\/692) eller VINDO (650\/629).<\/p>\n","protected":false},"featured_media":4604,"comment_status":"closed","ping_status":"closed","template":"","meta":{"_acf_changed":false},"product_cat":[9,11],"product_tag":[],"class_list":{"0":"post-3964","1":"product","2":"type-product","3":"status-publish","4":"has-post-thumbnail","6":"product_cat-maling-og-sparkel","7":"product_cat-oljebasert-maling","8":"pa_base-oljebasert","9":"pa_bruksomrade-innendors","10":"pa_dekkevne-10-25-m2-liter","11":"pa_glans-matt","12":"pa_storrelse-0-75l","13":"pa_storrelse-2-5l","14":"pa_storrelse-5l","16":"first","17":"instock","18":"shipping-taxable","19":"purchasable","20":"product-type-variable","21":"has-default-attributes"},"acf":[],"_links":{"self":[{"href":"https:\/\/naturmaling.no\/livos\/wp-json\/wp\/v2\/product\/3964"}],"collection":[{"href":"https:\/\/naturmaling.no\/livos\/wp-json\/wp\/v2\/product"}],"about":[{"href":"https:\/\/naturmaling.no\/livos\/wp-json\/wp\/v2\/types\/product"}],"replies":[{"embeddable":true,"href":"https:\/\/naturmaling.no\/livos\/wp-json\/wp\/v2\/comments?post=3964"}],"wp:featuredmedia":[{"embeddable":true,"href":"https:\/\/naturmaling.no\/livos\/wp-json\/wp\/v2\/media\/4604"}],"wp:attachment":[{"href":"https:\/\/naturmaling.no\/livos\/wp-json\/wp\/v2\/media?parent=3964"}],"wp:term":[{"taxonomy":"product_cat","embeddable":true,"href":"https:\/\/naturmaling.no\/livos\/wp-json\/wp\/v2\/product_cat?post=3964"},{"taxonomy":"product_tag","embeddable":true,"href":"https:\/\/naturmaling.no\/livos\/wp-json\/wp\/v2\/product_tag?post=3964"}],"curies":[{"name":"wp","href":"https:\/\/api.w.org\/{rel}","templated":true}]}}