{"id":3968,"date":"2014-12-17T15:06:28","date_gmt":"2014-12-17T14:06:28","guid":{"rendered":"https:\/\/naturmaling.no\/produkt\/kaldet-trelasurbeis-innvendig-neutral-270n\/"},"modified":"2022-08-26T11:26:06","modified_gmt":"2022-08-26T09:26:06","slug":"kaldet-trelasurbeis-innvendig-270","status":"publish","type":"product","link":"https:\/\/naturmaling.no\/livos\/produkt\/kaldet-trelasurbeis-innvendig-270\/","title":{"rendered":"KALDET trelasur\/beis, innvendig (270)"},"content":{"rendered":"","protected":false},"excerpt":{"rendered":"<p>Til innvendig og utvendig bruk p\u00e5 alle tresorter, fin\u00e9r-, OSB- og multiplexplater. Til vegg, tak, vinduer, ogs\u00e5 p\u00e5 bad og v\u00e5trom, og hagem\u00f8bler. Til innvendig bruk i skap (1 -2 meget tynne str\u00f8k). Uegnet til gulv og trapper. Ute brukes ikke fargene fargel\u00f8s, lys og hvit. For utvendig, se ogs\u00e5 KALDET nr. 281, ALIS nr. 579 og DONNOS nr. 223<\/p>\n<p><strong>F\u00f8lgende farger tilh\u00f8rer LIVOS sin n\u00f8ytralserie tilpasset allergikere og lukt- og kjemikalief\u00f8lsomme: 002, 012, 022, 032, 052, 076, 113, 122, 124, 202 og 203.<\/strong><\/p>\n<p>&nbsp;<\/p>\n<p><a title=\"Fargekart\" href=\"http:\/\/www.naturmaling.no\/nedlastning\/FK-KALDET_270_03.pdf\" target=\"_blank\" rel=\"noopener\">Se fargekart<\/a><\/p>\n<p>&nbsp;<\/p>\n","protected":false},"featured_media":4586,"comment_status":"closed","ping_status":"closed","template":"","meta":{"_acf_changed":false},"product_cat":[13,216],"product_tag":[],"class_list":{"0":"post-3968","1":"product","2":"type-product","3":"status-publish","4":"has-post-thumbnail","6":"product_cat-beis-og-lasur","7":"product_cat-innvendig","8":"pa_base-oljebasert","9":"pa_bruksomrade-innendors","10":"pa_dekkevne-10-30-m2-liter","11":"pa_farge-002-fargelos","12":"pa_farge-012-furu","13":"pa_farge-022-buksbom","14":"pa_farge-032-pinje","15":"pa_farge-042-kobberbrun-mork-teak","16":"pa_farge-052-oransjebrun","17":"pa_farge-062-nottebrun","18":"pa_farge-076-gronn-oker-eik","19":"pa_farge-082-palisander","20":"pa_farge-102-ibenholt","21":"pa_farge-113-gronn","22":"pa_farge-122-bla-ultramarinebla","23":"pa_farge-124-bondebla","24":"pa_farge-202-hvit","25":"pa_farge-203-lys","26":"pa_farge-212-lysegra","27":"pa_storrelse-0-75l","28":"pa_storrelse-10l","29":"pa_storrelse-2-5l","31":"first","32":"instock","33":"shipping-taxable","34":"purchasable","35":"product-type-variable"},"acf":[],"_links":{"self":[{"href":"https:\/\/naturmaling.no\/livos\/wp-json\/wp\/v2\/product\/3968"}],"collection":[{"href":"https:\/\/naturmaling.no\/livos\/wp-json\/wp\/v2\/product"}],"about":[{"href":"https:\/\/naturmaling.no\/livos\/wp-json\/wp\/v2\/types\/product"}],"replies":[{"embeddable":true,"href":"https:\/\/naturmaling.no\/livos\/wp-json\/wp\/v2\/comments?post=3968"}],"wp:featuredmedia":[{"embeddable":true,"href":"https:\/\/naturmaling.no\/livos\/wp-json\/wp\/v2\/media\/4586"}],"wp:attachment":[{"href":"https:\/\/naturmaling.no\/livos\/wp-json\/wp\/v2\/media?parent=3968"}],"wp:term":[{"taxonomy":"product_cat","embeddable":true,"href":"https:\/\/naturmaling.no\/livos\/wp-json\/wp\/v2\/product_cat?post=3968"},{"taxonomy":"product_tag","embeddable":true,"href":"https:\/\/naturmaling.no\/livos\/wp-json\/wp\/v2\/product_tag?post=3968"}],"curies":[{"name":"wp","href":"https:\/\/api.w.org\/{rel}","templated":true}]}}