{"id":4054,"date":"2014-12-17T15:12:14","date_gmt":"2014-12-17T14:12:14","guid":{"rendered":"https:\/\/naturmaling.no\/produkt\/lanon-leketoylasur-innvendig-210n\/"},"modified":"2022-08-26T11:26:10","modified_gmt":"2022-08-26T09:26:10","slug":"lanon-leketoylasur-innvendig-210","status":"publish","type":"product","link":"https:\/\/naturmaling.no\/livos\/produkt\/lanon-leketoylasur-innvendig-210\/","title":{"rendered":"LANON leket\u00f8ylasur, innvendig (210)"},"content":{"rendered":"","protected":false},"excerpt":{"rendered":"<p>For innvendig bruk p\u00e5 heltre. Testet etter DIN EN 71 (fri for tungmetaller), testet etter DIN 53 160 (Spytt og svetteekte).<br \/>\nFinnes i 10 farger. Disse fargene kan ogs\u00e5 bestilles i KALDET (270)<\/p>\n<p><strong>F\u00f8lgende farger tilh\u00f8rer LIVOS sin n\u00f8ytralserie tilpasset allergikere og lukt- og kjemikalief\u00f8lsomme: 056, 116, 126, 134, 416.<br \/>\n<\/strong><\/p>\n<p>&nbsp;<\/p>\n<p><a title=\"Fargekart\" href=\"http:\/\/www.naturmaling.no\/nedlastning\/FK-LANON_210_03.pdf\" target=\"_blank\" rel=\"noopener\">Se fargekart<\/a><\/p>\n<p>&nbsp;<\/p>\n","protected":false},"featured_media":4752,"comment_status":"closed","ping_status":"open","template":"","meta":{"_acf_changed":false},"product_cat":[13,216],"product_tag":[],"class_list":{"0":"post-4054","1":"product","2":"type-product","3":"status-publish","4":"has-post-thumbnail","6":"product_cat-beis-og-lasur","7":"product_cat-innvendig","8":"pa_base-oljebasert","9":"pa_bruksomrade-innendors","10":"pa_dekkevne-15-20-m2-liter","11":"pa_farge-056-tindvedrod","12":"pa_farge-116-lindegronn","13":"pa_farge-126-kornblomstbla","14":"pa_farge-134-syrin","15":"pa_farge-413-sitron","16":"pa_farge-414-mandarin","17":"pa_farge-415-appelsin","18":"pa_farge-416-blodappelsin","19":"pa_farge-417-kiwi","20":"pa_farge-418-avokado","21":"pa_storrelse-0-125l","22":"pa_storrelse-0-75l","23":"pa_storrelse-2-5l","25":"first","26":"instock","27":"shipping-taxable","28":"purchasable","29":"product-type-variable","30":"has-default-attributes"},"acf":[],"_links":{"self":[{"href":"https:\/\/naturmaling.no\/livos\/wp-json\/wp\/v2\/product\/4054"}],"collection":[{"href":"https:\/\/naturmaling.no\/livos\/wp-json\/wp\/v2\/product"}],"about":[{"href":"https:\/\/naturmaling.no\/livos\/wp-json\/wp\/v2\/types\/product"}],"replies":[{"embeddable":true,"href":"https:\/\/naturmaling.no\/livos\/wp-json\/wp\/v2\/comments?post=4054"}],"wp:featuredmedia":[{"embeddable":true,"href":"https:\/\/naturmaling.no\/livos\/wp-json\/wp\/v2\/media\/4752"}],"wp:attachment":[{"href":"https:\/\/naturmaling.no\/livos\/wp-json\/wp\/v2\/media?parent=4054"}],"wp:term":[{"taxonomy":"product_cat","embeddable":true,"href":"https:\/\/naturmaling.no\/livos\/wp-json\/wp\/v2\/product_cat?post=4054"},{"taxonomy":"product_tag","embeddable":true,"href":"https:\/\/naturmaling.no\/livos\/wp-json\/wp\/v2\/product_tag?post=4054"}],"curies":[{"name":"wp","href":"https:\/\/api.w.org\/{rel}","templated":true}]}}