{"id":4085,"date":"2014-12-17T15:17:28","date_gmt":"2014-12-17T14:17:28","guid":{"rendered":"https:\/\/naturmaling.no\/produkt\/dubno-grunningsolje-262n\/"},"modified":"2022-08-26T11:26:11","modified_gmt":"2022-08-26T09:26:11","slug":"dubno-grunningsolje-262","status":"publish","type":"product","link":"https:\/\/naturmaling.no\/livos\/produkt\/dubno-grunningsolje-262\/","title":{"rendered":"DUBNO grunningsolje (262)"},"content":{"rendered":"","protected":false},"excerpt":{"rendered":"<p>Dette produktet tilh\u00f8rer LIVOS sin n\u00f8ytralserie tilpasset allergikere og lukt- og kjemikalief\u00f8lsomme.<\/p>\n<p>Herdende naturolje til grunning av h\u00f8vlet treverk innvendig. Til sluttbehandling av mindre utsatte flater som innvendig panel, tak og vegg.   <\/p>\n<p>Til utvendig grunning av tropiske tresorter.<\/p>\n","protected":false},"featured_media":4570,"comment_status":"closed","ping_status":"open","template":"","meta":{"_acf_changed":false},"product_cat":[15,18],"product_tag":[],"class_list":{"0":"post-4085","1":"product","2":"type-product","3":"status-publish","4":"has-post-thumbnail","6":"product_cat-olje-lakk-og-voks","7":"product_cat-grunningsolje","8":"pa_base-oljebasert","9":"pa_bruksomrade-innendors","10":"pa_bruksomrade-utendors","11":"pa_dekkevne-9-16-m2-liter","12":"pa_storrelse-0-75l","13":"pa_storrelse-10l","14":"pa_storrelse-2-5l","15":"pa_storrelse-5l","17":"first","18":"instock","19":"shipping-taxable","20":"purchasable","21":"product-type-variable","22":"has-default-attributes"},"acf":[],"_links":{"self":[{"href":"https:\/\/naturmaling.no\/livos\/wp-json\/wp\/v2\/product\/4085"}],"collection":[{"href":"https:\/\/naturmaling.no\/livos\/wp-json\/wp\/v2\/product"}],"about":[{"href":"https:\/\/naturmaling.no\/livos\/wp-json\/wp\/v2\/types\/product"}],"replies":[{"embeddable":true,"href":"https:\/\/naturmaling.no\/livos\/wp-json\/wp\/v2\/comments?post=4085"}],"wp:featuredmedia":[{"embeddable":true,"href":"https:\/\/naturmaling.no\/livos\/wp-json\/wp\/v2\/media\/4570"}],"wp:attachment":[{"href":"https:\/\/naturmaling.no\/livos\/wp-json\/wp\/v2\/media?parent=4085"}],"wp:term":[{"taxonomy":"product_cat","embeddable":true,"href":"https:\/\/naturmaling.no\/livos\/wp-json\/wp\/v2\/product_cat?post=4085"},{"taxonomy":"product_tag","embeddable":true,"href":"https:\/\/naturmaling.no\/livos\/wp-json\/wp\/v2\/product_tag?post=4085"}],"curies":[{"name":"wp","href":"https:\/\/api.w.org\/{rel}","templated":true}]}}