{"id":4090,"date":"2014-12-17T15:50:33","date_gmt":"2014-12-17T14:50:33","guid":{"rendered":"https:\/\/naturmaling.no\/produkt\/meldos-gulv-og-mobelolje-bartre-og-stein-265n\/"},"modified":"2022-08-26T11:26:11","modified_gmt":"2022-08-26T09:26:11","slug":"meldos-gulv-og-mobelolje-265","status":"publish","type":"product","link":"https:\/\/naturmaling.no\/livos\/produkt\/meldos-gulv-og-mobelolje-265\/","title":{"rendered":"MELDOS gulv- og m\u00f8belolje (265)"},"content":{"rendered":"","protected":false},"excerpt":{"rendered":"<p>Dette produktet tilh\u00f8rer LIVOS sin n\u00f8ytralserie tilpasset allergikere og lukt- og kjemikalief\u00f8lsomme.<\/p>\n<p>Herdende naturolje til innvendig bruk p\u00e5 bartre (gran\/furu)og stein. Til gulv, lister, d\u00f8rkarmer, m\u00f8bler m.m. Kan spr\u00f8ytes og dyppes. Ikke til vinduer og v\u00e5trom. Gir en meget slitesterk overflate. <\/p>\n<p>Kan innfarges med VINDO nr. 650\/629 for \u00e5 f\u00e5 lysfilter.<\/p>\n","protected":false},"featured_media":4602,"comment_status":"closed","ping_status":"open","template":"","meta":{"_acf_changed":false},"product_cat":[15,17],"product_tag":[],"class_list":{"0":"post-4090","1":"product","2":"type-product","3":"status-publish","4":"has-post-thumbnail","6":"product_cat-olje-lakk-og-voks","7":"product_cat-olje","8":"pa_base-oljebasert","9":"pa_bruksomrade-innendors","10":"pa_dekkevne-15-80-m2-liter","11":"pa_storrelse-0-25l","12":"pa_storrelse-0-75l","13":"pa_storrelse-10l","14":"pa_storrelse-2-5l","15":"pa_storrelse-5l","17":"first","18":"instock","19":"shipping-taxable","20":"purchasable","21":"product-type-variable","22":"has-default-attributes"},"acf":[],"_links":{"self":[{"href":"https:\/\/naturmaling.no\/livos\/wp-json\/wp\/v2\/product\/4090"}],"collection":[{"href":"https:\/\/naturmaling.no\/livos\/wp-json\/wp\/v2\/product"}],"about":[{"href":"https:\/\/naturmaling.no\/livos\/wp-json\/wp\/v2\/types\/product"}],"replies":[{"embeddable":true,"href":"https:\/\/naturmaling.no\/livos\/wp-json\/wp\/v2\/comments?post=4090"}],"wp:featuredmedia":[{"embeddable":true,"href":"https:\/\/naturmaling.no\/livos\/wp-json\/wp\/v2\/media\/4602"}],"wp:attachment":[{"href":"https:\/\/naturmaling.no\/livos\/wp-json\/wp\/v2\/media?parent=4090"}],"wp:term":[{"taxonomy":"product_cat","embeddable":true,"href":"https:\/\/naturmaling.no\/livos\/wp-json\/wp\/v2\/product_cat?post=4090"},{"taxonomy":"product_tag","embeddable":true,"href":"https:\/\/naturmaling.no\/livos\/wp-json\/wp\/v2\/product_tag?post=4090"}],"curies":[{"name":"wp","href":"https:\/\/api.w.org\/{rel}","templated":true}]}}