{"id":4096,"date":"2014-12-17T15:52:36","date_gmt":"2014-12-17T14:52:36","guid":{"rendered":"https:\/\/naturmaling.no\/produkt\/kunos-benkeplateolje-243n\/"},"modified":"2022-08-26T11:26:11","modified_gmt":"2022-08-26T09:26:11","slug":"kunos-benkeplateolje-uten-appelsinskallolje-243","status":"publish","type":"product","link":"https:\/\/naturmaling.no\/livos\/produkt\/kunos-benkeplateolje-uten-appelsinskallolje-243\/","title":{"rendered":"KUNOS benkeplateolje uten appelsinskallolje (243)"},"content":{"rendered":"","protected":false},"excerpt":{"rendered":"<p>Dette produktet tilh\u00f8rer LIVOS sin n\u00f8ytralserie tilpasset allergikere og lukt- og kjemikalief\u00f8lsomme.<\/p>\n<p>Til benkeplater, vindusposter, baderomsm\u00f8bler og bord som er utsatt for sterk slitasje. Fargel\u00f8s.<\/p>\n<p>&nbsp;<\/p>\n","protected":false},"featured_media":4751,"comment_status":"closed","ping_status":"open","template":"","meta":{"_acf_changed":false},"product_cat":[15,17],"product_tag":[],"class_list":{"0":"post-4096","1":"product","2":"type-product","3":"status-publish","4":"has-post-thumbnail","6":"product_cat-olje-lakk-og-voks","7":"product_cat-olje","8":"pa_base-oljebasert","9":"pa_bruksomrade-innendors","10":"pa_dekkevne-20-250-m2-liter","11":"pa_farge-002-fargelos","12":"pa_storrelse-0-25l","13":"pa_storrelse-0-75l","14":"pa_storrelse-10l","15":"pa_storrelse-2-5l","17":"first","18":"instock","19":"shipping-taxable","20":"purchasable","21":"product-type-variable","22":"has-default-attributes"},"acf":[],"_links":{"self":[{"href":"https:\/\/naturmaling.no\/livos\/wp-json\/wp\/v2\/product\/4096"}],"collection":[{"href":"https:\/\/naturmaling.no\/livos\/wp-json\/wp\/v2\/product"}],"about":[{"href":"https:\/\/naturmaling.no\/livos\/wp-json\/wp\/v2\/types\/product"}],"replies":[{"embeddable":true,"href":"https:\/\/naturmaling.no\/livos\/wp-json\/wp\/v2\/comments?post=4096"}],"wp:featuredmedia":[{"embeddable":true,"href":"https:\/\/naturmaling.no\/livos\/wp-json\/wp\/v2\/media\/4751"}],"wp:attachment":[{"href":"https:\/\/naturmaling.no\/livos\/wp-json\/wp\/v2\/media?parent=4096"}],"wp:term":[{"taxonomy":"product_cat","embeddable":true,"href":"https:\/\/naturmaling.no\/livos\/wp-json\/wp\/v2\/product_cat?post=4096"},{"taxonomy":"product_tag","embeddable":true,"href":"https:\/\/naturmaling.no\/livos\/wp-json\/wp\/v2\/product_tag?post=4096"}],"curies":[{"name":"wp","href":"https:\/\/api.w.org\/{rel}","templated":true}]}}