{"id":4105,"date":"2014-12-17T15:58:52","date_gmt":"2014-12-17T14:58:52","guid":{"rendered":"https:\/\/naturmaling.no\/produkt\/alisa-steinolje-202n\/"},"modified":"2022-08-26T11:37:16","modified_gmt":"2022-08-26T09:37:16","slug":"alisa-steinolje-202","status":"publish","type":"product","link":"https:\/\/naturmaling.no\/livos\/produkt\/alisa-steinolje-202\/","title":{"rendered":"ALISA Steinolje (202)"},"content":{"rendered":"","protected":false},"excerpt":{"rendered":"<p>Dette produktet tilh\u00f8rer LIVOS sin n\u00f8ytralserie tilpasset allergikere og lukt- og kjemikalief\u00f8lsomme.<\/p>\n<p>Herdende, vannfast naturolje til innvendig bruk p\u00e5 moderat sugende steiner som marmor, kvarts, granitt og kalkstein. Gir lite l\u00f8d med en mettet overflate som er lett \u00e5 renholde. Gir litt glans etter polering. Fargel\u00f8s.<\/p>\n","protected":false},"featured_media":4550,"comment_status":"closed","ping_status":"closed","template":"","meta":{"_acf_changed":false},"product_cat":[15,17],"product_tag":[],"class_list":{"0":"post-4105","1":"product","2":"type-product","3":"status-publish","4":"has-post-thumbnail","6":"product_cat-olje-lakk-og-voks","7":"product_cat-olje","8":"pa_base-oljebasert","9":"pa_bruksomrade-innendors","10":"pa_dekkevne-40-250-m2-liter","11":"pa_farge-002-fargelos","12":"pa_storrelse-0-25l","13":"pa_storrelse-0-75l","14":"pa_storrelse-2-5l","16":"first","17":"instock","18":"shipping-taxable","19":"purchasable","20":"product-type-variable","21":"has-default-attributes"},"acf":[],"_links":{"self":[{"href":"https:\/\/naturmaling.no\/livos\/wp-json\/wp\/v2\/product\/4105"}],"collection":[{"href":"https:\/\/naturmaling.no\/livos\/wp-json\/wp\/v2\/product"}],"about":[{"href":"https:\/\/naturmaling.no\/livos\/wp-json\/wp\/v2\/types\/product"}],"replies":[{"embeddable":true,"href":"https:\/\/naturmaling.no\/livos\/wp-json\/wp\/v2\/comments?post=4105"}],"wp:featuredmedia":[{"embeddable":true,"href":"https:\/\/naturmaling.no\/livos\/wp-json\/wp\/v2\/media\/4550"}],"wp:attachment":[{"href":"https:\/\/naturmaling.no\/livos\/wp-json\/wp\/v2\/media?parent=4105"}],"wp:term":[{"taxonomy":"product_cat","embeddable":true,"href":"https:\/\/naturmaling.no\/livos\/wp-json\/wp\/v2\/product_cat?post=4105"},{"taxonomy":"product_tag","embeddable":true,"href":"https:\/\/naturmaling.no\/livos\/wp-json\/wp\/v2\/product_tag?post=4105"}],"curies":[{"name":"wp","href":"https:\/\/api.w.org\/{rel}","templated":true}]}}