{"id":4173,"date":"2014-12-17T16:03:47","date_gmt":"2014-12-17T15:03:47","guid":{"rendered":"https:\/\/naturmaling.no\/produkt\/vedo-gipssparkel-vannbasert-440n\/"},"modified":"2022-08-26T11:26:15","modified_gmt":"2022-08-26T09:26:15","slug":"vedo-gipssparkel-vannbasert-440","status":"publish","type":"product","link":"https:\/\/naturmaling.no\/livos\/produkt\/vedo-gipssparkel-vannbasert-440\/","title":{"rendered":"VEDO gipssparkel, vannbasert (440)"},"content":{"rendered":"","protected":false},"excerpt":{"rendered":"<p>Dette produktet tilh\u00f8rer LIVOS sin n\u00f8ytralserie tilpasset allergikere og lukt- og kjemikalief\u00f8lsomme.<\/p>\n<p>Til vegg og tak innvendig. Til \u00e5 fylle hull ujevnheter og sprekker p\u00e5 mur, puss, gips og betong. Kan brukes for \u00e5 feste plugger\/dybel og til kunstnerisk modelleringsteknikk. <\/p>\n<p>Ikke egnet til gulv. Pulver som blandes med vann.<\/p>\n","protected":false},"featured_media":4749,"comment_status":"closed","ping_status":"open","template":"","meta":{"_acf_changed":false},"product_cat":[9,12],"product_tag":[],"class_list":{"0":"post-4173","1":"product","2":"type-product","3":"status-publish","4":"has-post-thumbnail","6":"product_cat-maling-og-sparkel","7":"product_cat-sparkel","8":"pa_base-vannbasert","9":"pa_bruksomrade-innendors","10":"pa_storrelse-10kg","11":"pa_storrelse-1kg","12":"pa_storrelse-25kg","13":"pa_storrelse-5kg","15":"first","16":"instock","17":"shipping-taxable","18":"purchasable","19":"product-type-variable","20":"has-default-attributes"},"acf":[],"_links":{"self":[{"href":"https:\/\/naturmaling.no\/livos\/wp-json\/wp\/v2\/product\/4173"}],"collection":[{"href":"https:\/\/naturmaling.no\/livos\/wp-json\/wp\/v2\/product"}],"about":[{"href":"https:\/\/naturmaling.no\/livos\/wp-json\/wp\/v2\/types\/product"}],"replies":[{"embeddable":true,"href":"https:\/\/naturmaling.no\/livos\/wp-json\/wp\/v2\/comments?post=4173"}],"wp:featuredmedia":[{"embeddable":true,"href":"https:\/\/naturmaling.no\/livos\/wp-json\/wp\/v2\/media\/4749"}],"wp:attachment":[{"href":"https:\/\/naturmaling.no\/livos\/wp-json\/wp\/v2\/media?parent=4173"}],"wp:term":[{"taxonomy":"product_cat","embeddable":true,"href":"https:\/\/naturmaling.no\/livos\/wp-json\/wp\/v2\/product_cat?post=4173"},{"taxonomy":"product_tag","embeddable":true,"href":"https:\/\/naturmaling.no\/livos\/wp-json\/wp\/v2\/product_tag?post=4173"}],"curies":[{"name":"wp","href":"https:\/\/api.w.org\/{rel}","templated":true}]}}