{"id":4178,"date":"2014-12-17T16:06:02","date_gmt":"2014-12-17T15:06:02","guid":{"rendered":"https:\/\/naturmaling.no\/produkt\/elerkos-leirmalingspuss-leireprodukter-168n\/"},"modified":"2022-08-26T11:26:12","modified_gmt":"2022-08-26T09:26:12","slug":"elerkos-leirmalingspuss-168","status":"publish","type":"product","link":"https:\/\/naturmaling.no\/livos\/produkt\/elerkos-leirmalingspuss-168\/","title":{"rendered":"ELERKOS leirmalingspuss (168)"},"content":{"rendered":"","protected":false},"excerpt":{"rendered":"<p>Dette produktet tilh\u00f8rer LIVOS sin n\u00f8ytralserie tilpasset allergikere og lukt- og kjemikalief\u00f8lsomme.<\/p>\n<p>Til mineralske underlag innvendig, spesielt leire. Ikke egnet til gulv. 2 farger.<\/p>\n","protected":false},"featured_media":4748,"comment_status":"closed","ping_status":"open","template":"","meta":{"_acf_changed":false},"product_cat":[14,220],"product_tag":[],"class_list":{"0":"post-4178","1":"product","2":"type-product","3":"status-publish","4":"has-post-thumbnail","6":"product_cat-leire-og-kalkprodukter","7":"product_cat-leireprodukter","8":"pa_base-vannbasert","9":"pa_bruksomrade-innendors","10":"pa_dekkevne-2-4-m2-liter","11":"pa_farge-008-sandgul","12":"pa_farge-201-hvit","13":"pa_storrelse-10l","14":"pa_storrelse-1l","15":"pa_storrelse-5l","17":"first","18":"instock","19":"shipping-taxable","20":"purchasable","21":"product-type-variable","22":"has-default-attributes"},"acf":[],"_links":{"self":[{"href":"https:\/\/naturmaling.no\/livos\/wp-json\/wp\/v2\/product\/4178"}],"collection":[{"href":"https:\/\/naturmaling.no\/livos\/wp-json\/wp\/v2\/product"}],"about":[{"href":"https:\/\/naturmaling.no\/livos\/wp-json\/wp\/v2\/types\/product"}],"replies":[{"embeddable":true,"href":"https:\/\/naturmaling.no\/livos\/wp-json\/wp\/v2\/comments?post=4178"}],"wp:featuredmedia":[{"embeddable":true,"href":"https:\/\/naturmaling.no\/livos\/wp-json\/wp\/v2\/media\/4748"}],"wp:attachment":[{"href":"https:\/\/naturmaling.no\/livos\/wp-json\/wp\/v2\/media?parent=4178"}],"wp:term":[{"taxonomy":"product_cat","embeddable":true,"href":"https:\/\/naturmaling.no\/livos\/wp-json\/wp\/v2\/product_cat?post=4178"},{"taxonomy":"product_tag","embeddable":true,"href":"https:\/\/naturmaling.no\/livos\/wp-json\/wp\/v2\/product_tag?post=4178"}],"curies":[{"name":"wp","href":"https:\/\/api.w.org\/{rel}","templated":true}]}}