{"id":4185,"date":"2014-12-17T16:06:59","date_gmt":"2014-12-17T15:06:59","guid":{"rendered":"https:\/\/naturmaling.no\/produkt\/elerkos-leirmaling-leireprodukter-169n\/"},"modified":"2022-08-26T11:26:12","modified_gmt":"2022-08-26T09:26:12","slug":"elerkos-leirmaling-169","status":"publish","type":"product","link":"https:\/\/naturmaling.no\/livos\/produkt\/elerkos-leirmaling-169\/","title":{"rendered":"ELERKOS leirmaling (169)"},"content":{"rendered":"","protected":false},"excerpt":{"rendered":"<p>Dette produktet tilh\u00f8rer LIVOS sin n\u00f8ytralserie tilpasset allergikere og lukt- og kjemikalief\u00f8lsomme.<\/p>\n<p>Til mineralske underlag innvendig, spesielt leire. Ikke egnet til gulv. Kan innfarges med URA T\u00f8rrpigment. Hvit.<\/p>\n","protected":false},"featured_media":4747,"comment_status":"closed","ping_status":"open","template":"","meta":{"_acf_changed":false},"product_cat":[14,220],"product_tag":[],"class_list":{"0":"post-4185","1":"product","2":"type-product","3":"status-publish","4":"has-post-thumbnail","6":"product_cat-leire-og-kalkprodukter","7":"product_cat-leireprodukter","8":"pa_base-vannbasert","9":"pa_bruksomrade-innendors","10":"pa_dekkevne-5-8-m2-liter","11":"pa_farge-201-hvit","12":"pa_storrelse-10l","13":"pa_storrelse-1l","14":"pa_storrelse-5l","16":"first","17":"instock","18":"shipping-taxable","19":"purchasable","20":"product-type-variable","21":"has-default-attributes"},"acf":[],"_links":{"self":[{"href":"https:\/\/naturmaling.no\/livos\/wp-json\/wp\/v2\/product\/4185"}],"collection":[{"href":"https:\/\/naturmaling.no\/livos\/wp-json\/wp\/v2\/product"}],"about":[{"href":"https:\/\/naturmaling.no\/livos\/wp-json\/wp\/v2\/types\/product"}],"replies":[{"embeddable":true,"href":"https:\/\/naturmaling.no\/livos\/wp-json\/wp\/v2\/comments?post=4185"}],"wp:featuredmedia":[{"embeddable":true,"href":"https:\/\/naturmaling.no\/livos\/wp-json\/wp\/v2\/media\/4747"}],"wp:attachment":[{"href":"https:\/\/naturmaling.no\/livos\/wp-json\/wp\/v2\/media?parent=4185"}],"wp:term":[{"taxonomy":"product_cat","embeddable":true,"href":"https:\/\/naturmaling.no\/livos\/wp-json\/wp\/v2\/product_cat?post=4185"},{"taxonomy":"product_tag","embeddable":true,"href":"https:\/\/naturmaling.no\/livos\/wp-json\/wp\/v2\/product_tag?post=4185"}],"curies":[{"name":"wp","href":"https:\/\/api.w.org\/{rel}","templated":true}]}}