{"id":4193,"date":"2014-12-17T16:08:16","date_gmt":"2014-12-17T15:08:16","guid":{"rendered":"https:\/\/naturmaling.no\/produkt\/domo-kork-og-linoleumslim-513n\/"},"modified":"2022-08-26T11:26:22","modified_gmt":"2022-08-26T09:26:22","slug":"domo-kork-og-linoleumslim-513","status":"publish","type":"product","link":"https:\/\/naturmaling.no\/livos\/produkt\/domo-kork-og-linoleumslim-513\/","title":{"rendered":"DOMO kork- og linoleumslim (513)"},"content":{"rendered":"","protected":false},"excerpt":{"rendered":"<p>Dette produktet tilh\u00f8rer LIVOS sin n\u00f8ytralserie tilpasset allergikere og lukt- og kjemikalief\u00f8lsomme.<\/p>\n<p>Innvendig til kork, linoleum og tepper med bakside av jute eller mykgummi p\u00e5 bearbeidet underlag. Velegnet til gulv med gulvvarme etter DIN 18 365.<\/p>\n","protected":false},"featured_media":4746,"comment_status":"closed","ping_status":"open","template":"","meta":{"_acf_changed":false},"product_cat":[20,218],"product_tag":[],"class_list":{"0":"post-4193","1":"product","2":"type-product","3":"status-publish","4":"has-post-thumbnail","6":"product_cat-lim-og-klister","7":"product_cat-lim","8":"pa_bruksomrade-innendors","9":"pa_dekkevne-2-4-m2-per-kg","10":"pa_storrelse-10kg","11":"pa_storrelse-1kg","12":"pa_storrelse-2-5kg","14":"first","15":"instock","16":"shipping-taxable","17":"purchasable","18":"product-type-variable","19":"has-default-attributes"},"acf":[],"_links":{"self":[{"href":"https:\/\/naturmaling.no\/livos\/wp-json\/wp\/v2\/product\/4193"}],"collection":[{"href":"https:\/\/naturmaling.no\/livos\/wp-json\/wp\/v2\/product"}],"about":[{"href":"https:\/\/naturmaling.no\/livos\/wp-json\/wp\/v2\/types\/product"}],"replies":[{"embeddable":true,"href":"https:\/\/naturmaling.no\/livos\/wp-json\/wp\/v2\/comments?post=4193"}],"wp:featuredmedia":[{"embeddable":true,"href":"https:\/\/naturmaling.no\/livos\/wp-json\/wp\/v2\/media\/4746"}],"wp:attachment":[{"href":"https:\/\/naturmaling.no\/livos\/wp-json\/wp\/v2\/media?parent=4193"}],"wp:term":[{"taxonomy":"product_cat","embeddable":true,"href":"https:\/\/naturmaling.no\/livos\/wp-json\/wp\/v2\/product_cat?post=4193"},{"taxonomy":"product_tag","embeddable":true,"href":"https:\/\/naturmaling.no\/livos\/wp-json\/wp\/v2\/product_tag?post=4193"}],"curies":[{"name":"wp","href":"https:\/\/api.w.org\/{rel}","templated":true}]}}