{"id":4197,"date":"2014-12-17T16:11:29","date_gmt":"2014-12-17T15:11:29","guid":{"rendered":"https:\/\/naturmaling.no\/produkt\/lavo-klister-535n\/"},"modified":"2022-08-26T11:26:22","modified_gmt":"2022-08-26T09:26:22","slug":"lavo-klister-535","status":"publish","type":"product","link":"https:\/\/naturmaling.no\/livos\/produkt\/lavo-klister-535\/","title":{"rendered":"LAVO Klister (535)"},"content":{"rendered":"","protected":false},"excerpt":{"rendered":"<p>Dette produktet tilh\u00f8rer LIVOS sin n\u00f8ytralserie tilpasset allergikere og lukt- og kjemikalief\u00f8lsomme.<\/p>\n<p>Til innvendig bruk. Lim p\u00e5f\u00f8res tapetet. Ikke egnet til vinyl og plasttapeter. Godt egnet til limvasking av sterkt sugende underlag.<\/p>\n","protected":false},"featured_media":4785,"comment_status":"closed","ping_status":"open","template":"","meta":{"_acf_changed":false},"product_cat":[20,219],"product_tag":[],"class_list":{"0":"post-4197","1":"product","2":"type-product","3":"status-publish","4":"has-post-thumbnail","6":"product_cat-lim-og-klister","7":"product_cat-klister","8":"pa_base-vannbasert","9":"pa_bruksomrade-innendors","10":"pa_dekkevne-100-150-m2-per-kg","11":"pa_storrelse-0-2kg","12":"pa_storrelse-0-5kg","14":"first","15":"instock","16":"shipping-taxable","17":"purchasable","18":"product-type-variable","19":"has-default-attributes"},"acf":[],"_links":{"self":[{"href":"https:\/\/naturmaling.no\/livos\/wp-json\/wp\/v2\/product\/4197"}],"collection":[{"href":"https:\/\/naturmaling.no\/livos\/wp-json\/wp\/v2\/product"}],"about":[{"href":"https:\/\/naturmaling.no\/livos\/wp-json\/wp\/v2\/types\/product"}],"replies":[{"embeddable":true,"href":"https:\/\/naturmaling.no\/livos\/wp-json\/wp\/v2\/comments?post=4197"}],"wp:featuredmedia":[{"embeddable":true,"href":"https:\/\/naturmaling.no\/livos\/wp-json\/wp\/v2\/media\/4785"}],"wp:attachment":[{"href":"https:\/\/naturmaling.no\/livos\/wp-json\/wp\/v2\/media?parent=4197"}],"wp:term":[{"taxonomy":"product_cat","embeddable":true,"href":"https:\/\/naturmaling.no\/livos\/wp-json\/wp\/v2\/product_cat?post=4197"},{"taxonomy":"product_tag","embeddable":true,"href":"https:\/\/naturmaling.no\/livos\/wp-json\/wp\/v2\/product_tag?post=4197"}],"curies":[{"name":"wp","href":"https:\/\/api.w.org\/{rel}","templated":true}]}}