{"id":4204,"date":"2014-12-17T16:16:02","date_gmt":"2014-12-17T15:16:02","guid":{"rendered":"https:\/\/naturmaling.no\/produkt\/glanos-pleieemulsjon-559n\/"},"modified":"2022-08-26T11:38:18","modified_gmt":"2022-08-26T09:38:18","slug":"glanos-pleieemulsjon-559","status":"publish","type":"product","link":"https:\/\/naturmaling.no\/livos\/produkt\/glanos-pleieemulsjon-559\/","title":{"rendered":"GLANOS pleieemulsjon (559)"},"content":{"rendered":"","protected":false},"excerpt":{"rendered":"<p>Dette produktet tilh\u00f8rer LIVOS sin n\u00f8ytralserie tilpasset allergikere og lukt- og kjemikalief\u00f8lsomme.<\/p>\n<p>Innvendig som tilsetning i vaskevannet. Til pleie av oljete og voksete flater samt til linoleum. Virker antistatisk.<\/p>\n","protected":false},"featured_media":4745,"comment_status":"closed","ping_status":"closed","template":"","meta":{"_acf_changed":false},"product_cat":[241],"product_tag":[],"class_list":{"0":"post-4204","1":"product","2":"type-product","3":"status-publish","4":"has-post-thumbnail","6":"product_cat-pleie-og-vedlikehold","7":"pa_dekkevne-150-200-m2-liter","8":"pa_storrelse-0-25l","9":"pa_storrelse-1l","10":"pa_storrelse-2-5l","12":"first","13":"instock","14":"shipping-taxable","15":"purchasable","16":"product-type-variable","17":"has-default-attributes"},"acf":[],"_links":{"self":[{"href":"https:\/\/naturmaling.no\/livos\/wp-json\/wp\/v2\/product\/4204"}],"collection":[{"href":"https:\/\/naturmaling.no\/livos\/wp-json\/wp\/v2\/product"}],"about":[{"href":"https:\/\/naturmaling.no\/livos\/wp-json\/wp\/v2\/types\/product"}],"replies":[{"embeddable":true,"href":"https:\/\/naturmaling.no\/livos\/wp-json\/wp\/v2\/comments?post=4204"}],"wp:featuredmedia":[{"embeddable":true,"href":"https:\/\/naturmaling.no\/livos\/wp-json\/wp\/v2\/media\/4745"}],"wp:attachment":[{"href":"https:\/\/naturmaling.no\/livos\/wp-json\/wp\/v2\/media?parent=4204"}],"wp:term":[{"taxonomy":"product_cat","embeddable":true,"href":"https:\/\/naturmaling.no\/livos\/wp-json\/wp\/v2\/product_cat?post=4204"},{"taxonomy":"product_tag","embeddable":true,"href":"https:\/\/naturmaling.no\/livos\/wp-json\/wp\/v2\/product_tag?post=4204"}],"curies":[{"name":"wp","href":"https:\/\/api.w.org\/{rel}","templated":true}]}}