{"id":4472,"date":"2015-01-09T14:31:32","date_gmt":"2015-01-09T13:31:32","guid":{"rendered":"https:\/\/naturmaling.no\/?post_type=product&#038;p=4472"},"modified":"2022-08-26T11:26:14","modified_gmt":"2022-08-26T09:26:14","slug":"vindo-blank-oljemaling-650","status":"publish","type":"product","link":"https:\/\/naturmaling.no\/livos\/produkt\/vindo-blank-oljemaling-650\/","title":{"rendered":"VINDO blank oljemaling (650)"},"content":{"rendered":"","protected":false},"excerpt":{"rendered":"<p>Dette produktet tilh\u00f8rer LIVOS sin n\u00f8ytralserie tilpasset allergikere og lukt- og kjemikalief\u00f8lsomme.<\/p>\n<p>Blank oljemaling til inn- og utvendig bruk p\u00e5 tre og metall etter grunning med LIVOS-produkter. Ogs\u00e5 til vinduer og radiatorer (ikke hvit). Ikke til gulv. Kan blandes i VINDO 629 i ethvert forhold. Brukes ogs\u00e5 som pigment til oljer og flytende voks. <\/p>\n","protected":false},"featured_media":4744,"comment_status":"closed","ping_status":"open","template":"","meta":{"_acf_changed":false},"product_cat":[9,11],"product_tag":[],"class_list":{"0":"post-4472","1":"product","2":"type-product","3":"status-publish","4":"has-post-thumbnail","6":"product_cat-maling-og-sparkel","7":"product_cat-oljebasert-maling","8":"pa_farge-201-hvit","9":"pa_storrelse-0-125l","10":"pa_storrelse-0-375l","11":"pa_storrelse-0-75l","12":"pa_storrelse-2-5l","13":"pa_storrelse-5l","15":"first","16":"instock","17":"shipping-taxable","18":"purchasable","19":"product-type-variable","20":"has-default-attributes"},"acf":[],"_links":{"self":[{"href":"https:\/\/naturmaling.no\/livos\/wp-json\/wp\/v2\/product\/4472"}],"collection":[{"href":"https:\/\/naturmaling.no\/livos\/wp-json\/wp\/v2\/product"}],"about":[{"href":"https:\/\/naturmaling.no\/livos\/wp-json\/wp\/v2\/types\/product"}],"replies":[{"embeddable":true,"href":"https:\/\/naturmaling.no\/livos\/wp-json\/wp\/v2\/comments?post=4472"}],"wp:featuredmedia":[{"embeddable":true,"href":"https:\/\/naturmaling.no\/livos\/wp-json\/wp\/v2\/media\/4744"}],"wp:attachment":[{"href":"https:\/\/naturmaling.no\/livos\/wp-json\/wp\/v2\/media?parent=4472"}],"wp:term":[{"taxonomy":"product_cat","embeddable":true,"href":"https:\/\/naturmaling.no\/livos\/wp-json\/wp\/v2\/product_cat?post=4472"},{"taxonomy":"product_tag","embeddable":true,"href":"https:\/\/naturmaling.no\/livos\/wp-json\/wp\/v2\/product_tag?post=4472"}],"curies":[{"name":"wp","href":"https:\/\/api.w.org\/{rel}","templated":true}]}}