{"id":4479,"date":"2015-01-09T14:39:52","date_gmt":"2015-01-09T13:39:52","guid":{"rendered":"https:\/\/naturmaling.no\/?post_type=product&#038;p=4479"},"modified":"2022-08-26T11:26:14","modified_gmt":"2022-08-26T09:26:14","slug":"canto-silkematt-oljemaling-645","status":"publish","type":"product","link":"https:\/\/naturmaling.no\/livos\/produkt\/canto-silkematt-oljemaling-645\/","title":{"rendered":"CANTO silkematt oljemaling (645)"},"content":{"rendered":"","protected":false},"excerpt":{"rendered":"<p>Dette produktet tilh\u00f8rer LIVOS sin n\u00f8ytralserie tilpasset allergikere og lukt- og kjemikalief\u00f8lsomme.<\/p>\n<p>Silkematt oljemaling til innvendig bruk p\u00e5 tre etter grunning med LIVOS-produkter. CANTO (645) kan blandes i CANTO (692) i ethvert forhold. Ikke til v\u00e5trom, vinduer eller radiatorer. 12 farger.<\/p>\n","protected":false},"featured_media":4563,"comment_status":"closed","ping_status":"open","template":"","meta":{"_acf_changed":false},"product_cat":[9,11],"product_tag":[],"class_list":{"0":"post-4479","1":"product","2":"type-product","3":"status-publish","4":"has-post-thumbnail","6":"product_cat-maling-og-sparkel","7":"product_cat-oljebasert-maling","8":"pa_farge-201-hvit","9":"pa_storrelse-0-75l","10":"pa_storrelse-2-5l","11":"pa_storrelse-5l","13":"first","14":"instock","15":"shipping-taxable","16":"purchasable","17":"product-type-variable","18":"has-default-attributes"},"acf":[],"_links":{"self":[{"href":"https:\/\/naturmaling.no\/livos\/wp-json\/wp\/v2\/product\/4479"}],"collection":[{"href":"https:\/\/naturmaling.no\/livos\/wp-json\/wp\/v2\/product"}],"about":[{"href":"https:\/\/naturmaling.no\/livos\/wp-json\/wp\/v2\/types\/product"}],"replies":[{"embeddable":true,"href":"https:\/\/naturmaling.no\/livos\/wp-json\/wp\/v2\/comments?post=4479"}],"wp:featuredmedia":[{"embeddable":true,"href":"https:\/\/naturmaling.no\/livos\/wp-json\/wp\/v2\/media\/4563"}],"wp:attachment":[{"href":"https:\/\/naturmaling.no\/livos\/wp-json\/wp\/v2\/media?parent=4479"}],"wp:term":[{"taxonomy":"product_cat","embeddable":true,"href":"https:\/\/naturmaling.no\/livos\/wp-json\/wp\/v2\/product_cat?post=4479"},{"taxonomy":"product_tag","embeddable":true,"href":"https:\/\/naturmaling.no\/livos\/wp-json\/wp\/v2\/product_tag?post=4479"}],"curies":[{"name":"wp","href":"https:\/\/api.w.org\/{rel}","templated":true}]}}