{"id":4641,"date":"2015-02-20T14:48:28","date_gmt":"2015-02-20T13:48:28","guid":{"rendered":"https:\/\/naturmaling.no\/?post_type=product&#038;p=4641"},"modified":"2022-08-26T11:26:26","modified_gmt":"2022-08-26T09:26:26","slug":"ura-fargetilsetning-store-bokser-for-storre-jobber-424","status":"publish","type":"product","link":"https:\/\/naturmaling.no\/livos\/produkt\/ura-fargetilsetning-store-bokser-for-storre-jobber-424\/","title":{"rendered":"URA Fargetilsetning, store bokser for st\u00f8rre jobber (424)"},"content":{"rendered":"","protected":false},"excerpt":{"rendered":"<p>Dette produktet tilh\u00f8rer LIVOS sin n\u00f8ytralserie tilpasset allergikere og lukt- og kjemikalief\u00f8lsomme.<\/p>\n<p>Til innfarging av ALBION (404), DUBRON (412\/413), ALBION NATUR- VANNMALING (417), og DUBRON STRUKTURMALING (465)i ethvert forhold. Kan ogs\u00e5 brukes i ren tilstand. 24 farger.<\/p>\n<p><a href=\"http:\/\/www.naturmaling.no\/nedlastning\/FK-URA_424_1.pdf\" target=\"_blank\" rel=\"noopener\">Se fargekart 1<\/a><\/p>\n<p><a href=\"http:\/\/www.naturmaling.no\/nedlastning\/FK-URA_424.pdf\" target=\"_blank\" rel=\"noopener\">Se fargekart 2<\/a><\/p>\n","protected":false},"featured_media":4742,"comment_status":"closed","ping_status":"open","template":"","meta":{"_acf_changed":false},"product_cat":[9,10],"product_tag":[],"class_list":{"0":"post-4641","1":"product","2":"type-product","3":"status-publish","4":"has-post-thumbnail","6":"product_cat-maling-og-sparkel","7":"product_cat-vannbasert-maling","8":"pa_base-vannbasert","9":"pa_bruksomrade-innendors","10":"pa_dekkevne-4-8-m2-liter","11":"pa_farge-005-solgul","12":"pa_farge-011-maisgul-oker","13":"pa_farge-018-maishonninggul","14":"pa_farge-020-terracotta","15":"pa_farge-024-cognac","16":"pa_farge-041-engelsk-rod","17":"pa_farge-051-persisk-rod","18":"pa_farge-066-bjornebaerrod","19":"pa_farge-071-umbra-natur","20":"pa_farge-081-umbra-brent","21":"pa_farge-084-kisel","22":"pa_farge-085-grabla","23":"pa_farge-101-svart-sort","24":"pa_farge-104-siv","25":"pa_farge-106-gressgronn","26":"pa_farge-111-gron","27":"pa_farge-121-bla","28":"pa_farge-211-kremhvit-grahvit","29":"pa_farge-440-lindegronn","30":"pa_farge-441-maigronn","31":"pa_farge-442-gullgul","32":"pa_farge-443-mintturkis","33":"pa_farge-444-capribla","34":"pa_farge-445-bla-fiolett","35":"pa_storrelse-2-5l","36":"pa_storrelse-5l","38":"first","39":"instock","40":"shipping-taxable","41":"purchasable","42":"product-type-variable","43":"has-default-attributes"},"acf":[],"_links":{"self":[{"href":"https:\/\/naturmaling.no\/livos\/wp-json\/wp\/v2\/product\/4641"}],"collection":[{"href":"https:\/\/naturmaling.no\/livos\/wp-json\/wp\/v2\/product"}],"about":[{"href":"https:\/\/naturmaling.no\/livos\/wp-json\/wp\/v2\/types\/product"}],"replies":[{"embeddable":true,"href":"https:\/\/naturmaling.no\/livos\/wp-json\/wp\/v2\/comments?post=4641"}],"wp:featuredmedia":[{"embeddable":true,"href":"https:\/\/naturmaling.no\/livos\/wp-json\/wp\/v2\/media\/4742"}],"wp:attachment":[{"href":"https:\/\/naturmaling.no\/livos\/wp-json\/wp\/v2\/media?parent=4641"}],"wp:term":[{"taxonomy":"product_cat","embeddable":true,"href":"https:\/\/naturmaling.no\/livos\/wp-json\/wp\/v2\/product_cat?post=4641"},{"taxonomy":"product_tag","embeddable":true,"href":"https:\/\/naturmaling.no\/livos\/wp-json\/wp\/v2\/product_tag?post=4641"}],"curies":[{"name":"wp","href":"https:\/\/api.w.org\/{rel}","templated":true}]}}