{"id":4792,"date":"2015-03-17T10:34:23","date_gmt":"2015-03-17T09:34:23","guid":{"rendered":"https:\/\/naturmaling.no\/?post_type=product&#038;p=4792"},"modified":"2022-10-10T11:26:35","modified_gmt":"2022-10-10T09:26:35","slug":"linus-grunningsolje-232","status":"publish","type":"product","link":"https:\/\/naturmaling.no\/livos\/produkt\/linus-grunningsolje-232\/","title":{"rendered":"LINUS grunningsolje (232)"},"content":{"rendered":"","protected":false},"excerpt":{"rendered":"<p>Herdende grunningsolje til innvendig bruk p\u00e5 h\u00f8vlet treverk i v\u00e5trom. Velegnet til badestamper, badekar og dusjrom. Fremhever treets l\u00f8d og gir en \u00e5penporet, vannavst\u00f8tende og varig elastisk overflate. <\/p>\n<p>Ikke egnet innvendig i skap.<\/p>\n","protected":false},"featured_media":4797,"comment_status":"closed","ping_status":"closed","template":"","meta":{"_acf_changed":false},"product_cat":[15,18],"product_tag":[],"class_list":{"0":"post-4792","1":"product","2":"type-product","3":"status-publish","4":"has-post-thumbnail","6":"product_cat-olje-lakk-og-voks","7":"product_cat-grunningsolje","8":"pa_base-oljebasert","9":"pa_bruksomrade-innendors","10":"pa_dekkevne-15-20-m2-liter","11":"pa_storrelse-0-75l","12":"pa_storrelse-1l","13":"pa_storrelse-2-5l","15":"first","16":"instock","17":"shipping-taxable","18":"purchasable","19":"product-type-variable"},"acf":[],"_links":{"self":[{"href":"https:\/\/naturmaling.no\/livos\/wp-json\/wp\/v2\/product\/4792"}],"collection":[{"href":"https:\/\/naturmaling.no\/livos\/wp-json\/wp\/v2\/product"}],"about":[{"href":"https:\/\/naturmaling.no\/livos\/wp-json\/wp\/v2\/types\/product"}],"replies":[{"embeddable":true,"href":"https:\/\/naturmaling.no\/livos\/wp-json\/wp\/v2\/comments?post=4792"}],"wp:featuredmedia":[{"embeddable":true,"href":"https:\/\/naturmaling.no\/livos\/wp-json\/wp\/v2\/media\/4797"}],"wp:attachment":[{"href":"https:\/\/naturmaling.no\/livos\/wp-json\/wp\/v2\/media?parent=4792"}],"wp:term":[{"taxonomy":"product_cat","embeddable":true,"href":"https:\/\/naturmaling.no\/livos\/wp-json\/wp\/v2\/product_cat?post=4792"},{"taxonomy":"product_tag","embeddable":true,"href":"https:\/\/naturmaling.no\/livos\/wp-json\/wp\/v2\/product_tag?post=4792"}],"curies":[{"name":"wp","href":"https:\/\/api.w.org\/{rel}","templated":true}]}}