{"id":87,"date":"2014-10-02T11:26:18","date_gmt":"2014-10-02T09:26:18","guid":{"rendered":"https:\/\/naturmaling.no\/?post_type=product&#038;p=87"},"modified":"2022-08-26T11:25:36","modified_gmt":"2022-08-26T09:25:36","slug":"ardvos-gulv-og-mobelolje-266","status":"publish","type":"product","link":"https:\/\/naturmaling.no\/livos\/produkt\/ardvos-gulv-og-mobelolje-266\/","title":{"rendered":"ARDVOS gulv- og m\u00f8belolje (266)"},"content":{"rendered":"","protected":false},"excerpt":{"rendered":"<p>Herdende naturolje til innvendig bruk p\u00e5 l\u00f8vtre (eik\/b\u00f8k\/bj\u00f8rk etc). Til gulv, lister, d\u00f8rkarmer og m\u00f8bler. Kan spr\u00f8ytes og dyppes. Ikke til vinduer og v\u00e5trom. Gir en meget slitesterk overflate. <\/p>\n<p>Kan innfarges med VINDO nr. 650\/629 for \u00e5 f\u00e5 lysfilter.<\/p>\n","protected":false},"featured_media":4553,"comment_status":"closed","ping_status":"open","template":"","meta":{"_acf_changed":false},"product_cat":[15,17],"product_tag":[],"class_list":{"0":"post-87","1":"product","2":"type-product","3":"status-publish","4":"has-post-thumbnail","6":"product_cat-olje-lakk-og-voks","7":"product_cat-olje","8":"pa_base-oljebasert","9":"pa_bruksomrade-innendors","10":"pa_dekkevne-17-100-m2-liter","11":"pa_storrelse-0-25l","12":"pa_storrelse-0-75l","13":"pa_storrelse-10l","14":"pa_storrelse-2-5l","16":"first","17":"instock","18":"shipping-taxable","19":"purchasable","20":"product-type-variable","21":"has-default-attributes"},"acf":[],"_links":{"self":[{"href":"https:\/\/naturmaling.no\/livos\/wp-json\/wp\/v2\/product\/87"}],"collection":[{"href":"https:\/\/naturmaling.no\/livos\/wp-json\/wp\/v2\/product"}],"about":[{"href":"https:\/\/naturmaling.no\/livos\/wp-json\/wp\/v2\/types\/product"}],"replies":[{"embeddable":true,"href":"https:\/\/naturmaling.no\/livos\/wp-json\/wp\/v2\/comments?post=87"}],"wp:featuredmedia":[{"embeddable":true,"href":"https:\/\/naturmaling.no\/livos\/wp-json\/wp\/v2\/media\/4553"}],"wp:attachment":[{"href":"https:\/\/naturmaling.no\/livos\/wp-json\/wp\/v2\/media?parent=87"}],"wp:term":[{"taxonomy":"product_cat","embeddable":true,"href":"https:\/\/naturmaling.no\/livos\/wp-json\/wp\/v2\/product_cat?post=87"},{"taxonomy":"product_tag","embeddable":true,"href":"https:\/\/naturmaling.no\/livos\/wp-json\/wp\/v2\/product_tag?post=87"}],"curies":[{"name":"wp","href":"https:\/\/api.w.org\/{rel}","templated":true}]}}