{"id":89,"date":"2014-10-02T11:28:59","date_gmt":"2014-10-02T09:28:59","guid":{"rendered":"https:\/\/naturmaling.no\/?post_type=product&#038;p=89"},"modified":"2022-08-26T11:26:22","modified_gmt":"2022-08-26T09:26:22","slug":"linus-okologisk-treolje-260","status":"publish","type":"product","link":"https:\/\/naturmaling.no\/livos\/produkt\/linus-okologisk-treolje-260\/","title":{"rendered":"LINUS \u00f8kologisk treolje (260)"},"content":{"rendered":"","protected":false},"excerpt":{"rendered":"<p>Dette produktet tilh\u00f8rer LIVOS sin n\u00f8ytralserie tilpasset allergikere og lukt- og kjemikalief\u00f8lsomme.<\/p>\n<p>Herdende linoljeferniss til grunning av uh\u00f8vlet, sterkt sugende treverk og stein, innvendig og utvendig. Linolje fra 1. gangs kaldpressing fra \u00f8kologisk dyrking. Tilsatt blyfrie t\u00f8rkestoffer. <\/p>\n<p>Ikke til gulv og innvendig i skap.<\/p>\n","protected":false},"featured_media":4601,"comment_status":"closed","ping_status":"open","template":"","meta":{"_acf_changed":false},"product_cat":[15,18],"product_tag":[],"class_list":{"0":"post-89","1":"product","2":"type-product","3":"status-publish","4":"has-post-thumbnail","6":"product_cat-olje-lakk-og-voks","7":"product_cat-grunningsolje","8":"pa_base-oljebasert","9":"pa_bruksomrade-innendors","10":"pa_dekkevne-10-22-m2-per-liter","11":"pa_storrelse-0-75l","12":"pa_storrelse-10l","13":"pa_storrelse-2-5l","14":"pa_storrelse-5l","16":"first","17":"instock","18":"shipping-taxable","19":"purchasable","20":"product-type-variable","21":"has-default-attributes"},"acf":[],"_links":{"self":[{"href":"https:\/\/naturmaling.no\/livos\/wp-json\/wp\/v2\/product\/89"}],"collection":[{"href":"https:\/\/naturmaling.no\/livos\/wp-json\/wp\/v2\/product"}],"about":[{"href":"https:\/\/naturmaling.no\/livos\/wp-json\/wp\/v2\/types\/product"}],"replies":[{"embeddable":true,"href":"https:\/\/naturmaling.no\/livos\/wp-json\/wp\/v2\/comments?post=89"}],"wp:featuredmedia":[{"embeddable":true,"href":"https:\/\/naturmaling.no\/livos\/wp-json\/wp\/v2\/media\/4601"}],"wp:attachment":[{"href":"https:\/\/naturmaling.no\/livos\/wp-json\/wp\/v2\/media?parent=89"}],"wp:term":[{"taxonomy":"product_cat","embeddable":true,"href":"https:\/\/naturmaling.no\/livos\/wp-json\/wp\/v2\/product_cat?post=89"},{"taxonomy":"product_tag","embeddable":true,"href":"https:\/\/naturmaling.no\/livos\/wp-json\/wp\/v2\/product_tag?post=89"}],"curies":[{"name":"wp","href":"https:\/\/api.w.org\/{rel}","templated":true}]}}