{"id":90,"date":"2014-10-02T11:29:46","date_gmt":"2014-10-02T09:29:46","guid":{"rendered":"https:\/\/naturmaling.no\/?post_type=product&#038;p=90"},"modified":"2022-08-26T11:29:18","modified_gmt":"2022-08-26T09:29:18","slug":"linus-grunningsolje-for-eik-233","status":"publish","type":"product","link":"https:\/\/naturmaling.no\/livos\/produkt\/linus-grunningsolje-for-eik-233\/","title":{"rendered":"LINUS grunningsolje for eik (233)"},"content":{"rendered":"","protected":false},"excerpt":{"rendered":"<p>Grunningsolje til eik. Utvendig til m\u00f8bler. Innvendig til v\u00e5trom. Kun til sugende overflater.<br \/>\nM\u00e5 etterbehandles med f.eks. KALDET nr. 281, VINDO nr. 650\/629 eller AMELLOS nr. 674.<\/p>\n<p>Dette produktet tilh\u00f8rer LIVOS n\u00f8ytralserie, spesielt utviklet for allergikere, lukt- og kjemikalie-f\u00f8lsomme.<\/p>\n","protected":false},"featured_media":4779,"comment_status":"closed","ping_status":"closed","template":"","meta":{"_acf_changed":false},"product_cat":[15,18],"product_tag":[],"class_list":{"0":"post-90","1":"product","2":"type-product","3":"status-publish","4":"has-post-thumbnail","6":"product_cat-olje-lakk-og-voks","7":"product_cat-grunningsolje","8":"pa_base-oljebasert","9":"pa_bruksomrade-innendors","10":"pa_bruksomrade-utendors","11":"pa_dekkevne-15-20-m2-liter","12":"pa_storrelse-0-75l","13":"pa_storrelse-2-5l","14":"pa_storrelse-5l","16":"first","17":"instock","18":"shipping-taxable","19":"purchasable","20":"product-type-variable","21":"has-default-attributes"},"acf":[],"_links":{"self":[{"href":"https:\/\/naturmaling.no\/livos\/wp-json\/wp\/v2\/product\/90"}],"collection":[{"href":"https:\/\/naturmaling.no\/livos\/wp-json\/wp\/v2\/product"}],"about":[{"href":"https:\/\/naturmaling.no\/livos\/wp-json\/wp\/v2\/types\/product"}],"replies":[{"embeddable":true,"href":"https:\/\/naturmaling.no\/livos\/wp-json\/wp\/v2\/comments?post=90"}],"wp:featuredmedia":[{"embeddable":true,"href":"https:\/\/naturmaling.no\/livos\/wp-json\/wp\/v2\/media\/4779"}],"wp:attachment":[{"href":"https:\/\/naturmaling.no\/livos\/wp-json\/wp\/v2\/media?parent=90"}],"wp:term":[{"taxonomy":"product_cat","embeddable":true,"href":"https:\/\/naturmaling.no\/livos\/wp-json\/wp\/v2\/product_cat?post=90"},{"taxonomy":"product_tag","embeddable":true,"href":"https:\/\/naturmaling.no\/livos\/wp-json\/wp\/v2\/product_tag?post=90"}],"curies":[{"name":"wp","href":"https:\/\/api.w.org\/{rel}","templated":true}]}}