{"id":94,"date":"2014-10-02T11:34:19","date_gmt":"2014-10-02T09:34:19","guid":{"rendered":"https:\/\/naturmaling.no\/?post_type=product&#038;p=94"},"modified":"2022-08-26T11:25:46","modified_gmt":"2022-08-26T09:25:46","slug":"tunna-gulv-og-panellakk-blank-611","status":"publish","type":"product","link":"https:\/\/naturmaling.no\/livos\/produkt\/tunna-gulv-og-panellakk-blank-611\/","title":{"rendered":"TUNNA gulv- og panellakk, blank (611)"},"content":{"rendered":"","protected":false},"excerpt":{"rendered":"<p>Blank naturoljelakk til alle tresorter, innvendig, kun p\u00e5 sugende underlag. Til gulv, m\u00f8bler, kj\u00f8kken, panel, leker m.m. Grunnes med MELDOS (265) p\u00e5 furu, gran o.l. eller ARDVOS (266) p\u00e5 andre tresorter.<\/p>\n","protected":false},"featured_media":4616,"comment_status":"closed","ping_status":"open","template":"","meta":{"_acf_changed":false},"product_cat":[15,19],"product_tag":[],"class_list":{"0":"post-94","1":"product","2":"type-product","3":"status-publish","4":"has-post-thumbnail","6":"product_cat-olje-lakk-og-voks","7":"product_cat-lakk","8":"pa_base-oljebasert","9":"pa_bruksomrade-innendors","10":"pa_dekkevne-15-30-m2-liter","11":"pa_glans-blank","12":"pa_storrelse-0-75l","13":"pa_storrelse-10l","14":"pa_storrelse-5l","16":"first","17":"instock","18":"shipping-taxable","19":"purchasable","20":"product-type-variable","21":"has-default-attributes"},"acf":[],"_links":{"self":[{"href":"https:\/\/naturmaling.no\/livos\/wp-json\/wp\/v2\/product\/94"}],"collection":[{"href":"https:\/\/naturmaling.no\/livos\/wp-json\/wp\/v2\/product"}],"about":[{"href":"https:\/\/naturmaling.no\/livos\/wp-json\/wp\/v2\/types\/product"}],"replies":[{"embeddable":true,"href":"https:\/\/naturmaling.no\/livos\/wp-json\/wp\/v2\/comments?post=94"}],"wp:featuredmedia":[{"embeddable":true,"href":"https:\/\/naturmaling.no\/livos\/wp-json\/wp\/v2\/media\/4616"}],"wp:attachment":[{"href":"https:\/\/naturmaling.no\/livos\/wp-json\/wp\/v2\/media?parent=94"}],"wp:term":[{"taxonomy":"product_cat","embeddable":true,"href":"https:\/\/naturmaling.no\/livos\/wp-json\/wp\/v2\/product_cat?post=94"},{"taxonomy":"product_tag","embeddable":true,"href":"https:\/\/naturmaling.no\/livos\/wp-json\/wp\/v2\/product_tag?post=94"}],"curies":[{"name":"wp","href":"https:\/\/api.w.org\/{rel}","templated":true}]}}