{"id":95,"date":"2014-10-02T11:35:32","date_gmt":"2014-10-02T09:35:32","guid":{"rendered":"https:\/\/naturmaling.no\/?post_type=product&#038;p=95"},"modified":"2022-08-26T11:25:46","modified_gmt":"2022-08-26T09:25:46","slug":"landis-skjellakk-speilblank-701","status":"publish","type":"product","link":"https:\/\/naturmaling.no\/livos\/produkt\/landis-skjellakk-speilblank-701\/","title":{"rendered":"LANDIS skjellakk speilblank (701)"},"content":{"rendered":"","protected":false},"excerpt":{"rendered":"<p>Innvendig til transparent behandling av alle tresorter. Til d\u00f8rer, m\u00f8bler, billedrammer, vegg- og takkledning m.m. Ikke egnet til bordplater, gulv og v\u00e5trom. Speilblank, lett honningtonet.<\/p>\n","protected":false},"featured_media":4593,"comment_status":"closed","ping_status":"open","template":"","meta":{"_acf_changed":false},"product_cat":[15,19],"product_tag":[],"class_list":{"0":"post-95","1":"product","2":"type-product","3":"status-publish","4":"has-post-thumbnail","6":"product_cat-olje-lakk-og-voks","7":"product_cat-lakk","8":"pa_bruksomrade-innendors","9":"pa_dekkevne-12-16-m2-l","10":"pa_glans-blank","11":"pa_storrelse-10l","12":"pa_storrelse-1l","13":"pa_storrelse-2-5l","15":"first","16":"instock","17":"shipping-taxable","18":"purchasable","19":"product-type-variable","20":"has-default-attributes"},"acf":[],"_links":{"self":[{"href":"https:\/\/naturmaling.no\/livos\/wp-json\/wp\/v2\/product\/95"}],"collection":[{"href":"https:\/\/naturmaling.no\/livos\/wp-json\/wp\/v2\/product"}],"about":[{"href":"https:\/\/naturmaling.no\/livos\/wp-json\/wp\/v2\/types\/product"}],"replies":[{"embeddable":true,"href":"https:\/\/naturmaling.no\/livos\/wp-json\/wp\/v2\/comments?post=95"}],"wp:featuredmedia":[{"embeddable":true,"href":"https:\/\/naturmaling.no\/livos\/wp-json\/wp\/v2\/media\/4593"}],"wp:attachment":[{"href":"https:\/\/naturmaling.no\/livos\/wp-json\/wp\/v2\/media?parent=95"}],"wp:term":[{"taxonomy":"product_cat","embeddable":true,"href":"https:\/\/naturmaling.no\/livos\/wp-json\/wp\/v2\/product_cat?post=95"},{"taxonomy":"product_tag","embeddable":true,"href":"https:\/\/naturmaling.no\/livos\/wp-json\/wp\/v2\/product_tag?post=95"}],"curies":[{"name":"wp","href":"https:\/\/api.w.org\/{rel}","templated":true}]}}